{"id":577,"date":"2023-11-13T13:53:19","date_gmt":"2023-11-13T11:53:19","guid":{"rendered":"https:\/\/www.exner-firmenbetreuung.de\/?page_id=577"},"modified":"2023-11-13T15:39:33","modified_gmt":"2023-11-13T13:39:33","slug":"erfolgspfad-gmbh","status":"publish","type":"page","link":"https:\/\/www.exner-firmenbetreuung.de\/?page_id=577","title":{"rendered":"Erfolgspfad GmbH"},"content":{"rendered":"\n<figure class=\"wp-block-image size-full\"><a href=\"https:\/\/erfolgspfad.de\/\" target=\"_blank\" rel=\"noreferrer noopener\"><img loading=\"lazy\" width=\"320\" height=\"85\" src=\"https:\/\/www.exner-firmenbetreuung.de\/wp-content\/uploads\/2023\/11\/partner-erfolgspfad-320x85-1-1.png\" alt=\"\" class=\"wp-image-576\" srcset=\"https:\/\/www.exner-firmenbetreuung.de\/wp-content\/uploads\/2023\/11\/partner-erfolgspfad-320x85-1-1.png 320w, https:\/\/www.exner-firmenbetreuung.de\/wp-content\/uploads\/2023\/11\/partner-erfolgspfad-320x85-1-1-300x80.png 300w\" sizes=\"(max-width: 320px) 100vw, 320px\" \/><\/a><\/figure>\n\n\n<h3>\u00a0<\/h3>\n<h3><strong>Ich arbeite als Regionale Coachingberaterin f\u00fcr die<a href=\"https:\/\/erfolgspfad.de\/\" target=\"_blank\" rel=\"noopener\">\u00a0Erfolgspfad<\/a> GmbH.<\/strong><\/h3>\n<p>Das ist eine in Abstimmung mit der Bundesagentur f\u00fcr Arbeit und den Jobcentern bundesweit agierende Kooperation von Unternehmensberatern und Coaches mit dem Schwerpunkt Beratung von Existenzgr\u00fcndern .<\/p>\n<p><a href=\"https:\/\/erfolgspfad.de\/\" target=\"_blank\" rel=\"noopener\"><strong>Erfolgspfad<\/strong><\/a> arbeitet derzeit deutschlandweit mit \u00fcber 400 ausgew\u00e4hlten Beratern und Coaches zusammen. Sie alle unterst\u00fctzen die Kunden stets tatkr\u00e4ftig und zielgerichtet. Ihre Leistungen sind einwandfrei und werden professionell erbracht. Alle Berater und Coaches arbeiten im Sinne des <strong><a href=\"https:\/\/erfolgspfad.de\/ueber-uns\/#leitbild\" target=\"_blank\" rel=\"noopener\">Leitbilds der Erfolgspfad GmbH<\/a><\/strong>\u00a0und unterliegen dem Erfolgspfad Qualit\u00e4tsmanagement.<\/p>\n<p>Auch die \u00fcber <a href=\"https:\/\/erfolgspfad.de\/\" target=\"_blank\" rel=\"noopener\"><strong>Erfolgspfad<\/strong><\/a> vermittelten Coachings richten sich an Gr\u00fcnder und solche, die es werden wollen. Dich vielleicht? Kenntnisse und unternehmerische F\u00e4higkeiten, die eine Gesch\u00e4ftsidee zum Leben erwecken, sind n\u00f6tig. Auf dem Weg in die Selbstst\u00e4ndigkeit lauern oft unerwartete H\u00fcrden, die dich verunsichern. Hier komme ich ins Spiel. Ich wei\u00df, was auf dich zukommt. Als Coachingberaterin habe ich viele \u00fcber Jahre gesammelte Erfahrungen. F\u00fcr deinen sicheren und von Anfang an erfolgreichen Start biete ich dir ein individuelles Existenzgr\u00fcndungs-Coaching.<\/p>\n<ul>\n<li style=\"font-weight: 400;\">Wir machen gemeinsam aus deiner Gr\u00fcndungsidee ein Gesch\u00e4ftsmodell.<\/li>\n<li>Wir erstellen deinen Businessplan und erarbeiten eine Finanzplanung.<\/li>\n<li>Wir entwickeln Strategien f\u00fcr das Erreichen deiner Ziele.<\/li>\n<li>Wir arbeiten von Anfang an an deiner Wettbewerbsf\u00e4higkeit.<\/li>\n<\/ul>\n<p style=\"font-weight: 400;\">Nat\u00fcrlich ist es nicht nur die fachliche Expertise, die du mit meinem Existenzgr\u00fcndungscoaching bekommst. Die neuen und oft hohen Anforderungen und der gewaltige Umbruch in deinem Arbeitsleben brauchen Mut. Diesen Mut und pers\u00f6nliche Motivation werde ich dir immer wieder geben. Im Coaching geht es weniger um eine Pers\u00f6nlichkeitsanalyse. Wir schaffen Klarheit \u00fcber deine Ziele und erreichen sie zusammen. Mein ma\u00dfgeschneidertes Coaching wird deine Motivation und deine Handlungskompetenz st\u00e4rken, auch deine letzten Ressourcen aktivieren und absichern, dass dein Ziel auch unter gro\u00dfen Belastungen nicht abhanden kommt. Coaching schafft Erleichterung, aktiviert und unterst\u00fctzt ein erf\u00fclltes Leben f\u00fcr dich.<\/p>\n<p style=\"font-weight: 400;\">Es ist eine Chance, den Grundstein f\u00fcr deinen Erfolg als Unternehmer*in mit professioneller Begleitung zu legen. Wenn du aus der Arbeitslosigkeit kommst, finanziert dein Coaching die <strong><a href=\"https:\/\/www.arbeitsagentur.de\/arbeitslos-arbeit-finden\/arbeitslosengeld\/existenzgruendung-gruendungszuschuss\" target=\"_blank\" rel=\"noopener\">Bundesagentur f\u00fcr Arbeit<\/a><\/strong>.<br \/>Vereinbare noch heute deinen <strong><a href=\"https:\/\/www.exner-firmenbetreuung.de\/?page_id=36\">Termin<\/a><\/strong> und starte durch \u2013 voller Zuversicht in deine Selbstst\u00e4ndigkeit. Ich w\u00fcrde dich gern auf deinem Weg begleiten!<\/p>\n<p>\u00a0<\/p>\n\n\n<hr class=\"wp-block-separator has-alpha-channel-opacity\"\/>\n\n\n\n<p>Zum Vorablesen findest du hier zwei interessante Links:<\/p>\n\n\n\n<p><strong><a href=\"https:\/\/info.erfolgspfad.de\/broschuere-bewerbercoaching-individuell\" target=\"_blank\" rel=\"noreferrer noopener\">Hier<\/a><\/strong> geht es zum <strong><a href=\"https:\/\/info.erfolgspfad.de\/broschuere-bewerbercoaching-individuell\" target=\"_blank\" rel=\"noreferrer noopener\">&#8222;Hybrid Bewerber Coaching&#8220;<\/a><\/strong> individuell.<\/p>\n\n\n\n<p><strong><a href=\"https:\/\/info.erfolgspfad.de\/broschuere-einzelcoaching-existenzgruendung\" target=\"_blank\" rel=\"noreferrer noopener\">Hier<\/a><\/strong> zum <strong><a href=\"https:\/\/info.erfolgspfad.de\/broschuere-einzelcoaching-existenzgruendung\" target=\"_blank\" rel=\"noreferrer noopener\">&#8222;Hybrid-Einzelcoaching Existenzgr\u00fcndung&#8220;<\/a><\/strong>.<\/p>\n","protected":false},"excerpt":{"rendered":"<p>\u00a0 Ich arbeite als Regionale Coachingberaterin f\u00fcr die\u00a0Erfolgspfad GmbH. Das ist eine in Abstimmung mit der Bundesagentur f\u00fcr Arbeit und den Jobcentern bundesweit agierende Kooperation von Unternehmensberatern und Coaches mit dem Schwerpunkt Beratung von Existenzgr\u00fcndern . Erfolgspfad arbeitet derzeit deutschlandweit mit \u00fcber 400 ausgew\u00e4hlten Beratern und Coaches zusammen. Sie alle unterst\u00fctzen die Kunden stets tatkr\u00e4ftig <a class=\"read-more\" href=\"https:\/\/www.exner-firmenbetreuung.de\/?page_id=577\">Read More<\/a><\/p>\n","protected":false},"author":1,"featured_media":0,"parent":0,"menu_order":0,"comment_status":"closed","ping_status":"closed","template":"","meta":[],"_links":{"self":[{"href":"https:\/\/www.exner-firmenbetreuung.de\/index.php?rest_route=\/wp\/v2\/pages\/577"}],"collection":[{"href":"https:\/\/www.exner-firmenbetreuung.de\/index.php?rest_route=\/wp\/v2\/pages"}],"about":[{"href":"https:\/\/www.exner-firmenbetreuung.de\/index.php?rest_route=\/wp\/v2\/types\/page"}],"author":[{"embeddable":true,"href":"https:\/\/www.exner-firmenbetreuung.de\/index.php?rest_route=\/wp\/v2\/users\/1"}],"replies":[{"embeddable":true,"href":"https:\/\/www.exner-firmenbetreuung.de\/index.php?rest_route=%2Fwp%2Fv2%2Fcomments&post=577"}],"version-history":[{"count":11,"href":"https:\/\/www.exner-firmenbetreuung.de\/index.php?rest_route=\/wp\/v2\/pages\/577\/revisions"}],"predecessor-version":[{"id":594,"href":"https:\/\/www.exner-firmenbetreuung.de\/index.php?rest_route=\/wp\/v2\/pages\/577\/revisions\/594"}],"wp:attachment":[{"href":"https:\/\/www.exner-firmenbetreuung.de\/index.php?rest_route=%2Fwp%2Fv2%2Fmedia&parent=577"}],"curies":[{"name":"wp","href":"https:\/\/api.w.org\/{rel}","templated":true}]}}