{"id":560,"date":"2022-11-14T23:11:02","date_gmt":"2022-11-14T21:11:02","guid":{"rendered":"https:\/\/www.exner-firmenbetreuung.de\/?page_id=560"},"modified":"2022-11-24T14:02:11","modified_gmt":"2022-11-24T12:02:11","slug":"bewertungen","status":"publish","type":"page","link":"https:\/\/www.exner-firmenbetreuung.de\/?page_id=560","title":{"rendered":"Bewertungen"},"content":{"rendered":"<h4>Brita Dreger<\/h4>\n<p>Die Welt ver\u00e4ndert sich st\u00e4ndig und die Wirtschaft mit ihr. Das habe ich bereits zweimal erlebt in meinem Business. Durch die Firmenbetreuung von Annett Exner konnte ich mit Analysen eine neue Ausrichtung meines Unternehmens und meiner alten Strukturen mit Leichtigkeit verbessern.<br \/>Mit neuen Strategien mein Gesch\u00e4ftsmodell optimieren.<br \/>Ich kann hier eine absolute \u00a0Fachfrau empfehlen.<\/p>\n<p>BESTE GR\u00dc\u00dfE<br \/>STRESS&amp;ENTSPANNUNGSCOACH<br \/>BRITA DREGER<\/p>\n<p>\u00a0<\/p>\n\n\n<hr class=\"wp-block-separator has-alpha-channel-opacity\"\/>\n\n\n\n<h4>Havel Helden Dienstleistungen f\u00fcr Haus &amp; Garten<\/h4>\n\n\n\n<p>\u201eNachrichtentext:<\/p>\n\n\n\n<p>Ein ganz gro\u00dfes Dankesch\u00f6n an Annett Exner von der Exner Firmenbetreuung f\u00fcr die kompetente und hilfreiche sowie symphatische Beratung und Unterst\u00fctzung in der Gr\u00fcndungsphase und f\u00fcr die Wissensvermittlung als Dozentin.<\/p>\n\n\n\n<p>Havel Helden Dienstleistungen f\u00fcr Haus &amp; Garten sagen Danke und w\u00fcnschen weiterhin viel Erfolg und Spa\u00df.\u201c<\/p>\n","protected":false},"excerpt":{"rendered":"<p>Brita Dreger Die Welt ver\u00e4ndert sich st\u00e4ndig und die Wirtschaft mit ihr. Das habe ich bereits zweimal erlebt in meinem Business. Durch die Firmenbetreuung von Annett Exner konnte ich mit Analysen eine neue Ausrichtung meines Unternehmens und meiner alten Strukturen mit Leichtigkeit verbessern.Mit neuen Strategien mein Gesch\u00e4ftsmodell optimieren.Ich kann hier eine absolute \u00a0Fachfrau empfehlen. BESTE <a class=\"read-more\" href=\"https:\/\/www.exner-firmenbetreuung.de\/?page_id=560\">Read More<\/a><\/p>\n","protected":false},"author":1,"featured_media":0,"parent":0,"menu_order":0,"comment_status":"closed","ping_status":"closed","template":"","meta":[],"_links":{"self":[{"href":"https:\/\/www.exner-firmenbetreuung.de\/index.php?rest_route=\/wp\/v2\/pages\/560"}],"collection":[{"href":"https:\/\/www.exner-firmenbetreuung.de\/index.php?rest_route=\/wp\/v2\/pages"}],"about":[{"href":"https:\/\/www.exner-firmenbetreuung.de\/index.php?rest_route=\/wp\/v2\/types\/page"}],"author":[{"embeddable":true,"href":"https:\/\/www.exner-firmenbetreuung.de\/index.php?rest_route=\/wp\/v2\/users\/1"}],"replies":[{"embeddable":true,"href":"https:\/\/www.exner-firmenbetreuung.de\/index.php?rest_route=%2Fwp%2Fv2%2Fcomments&post=560"}],"version-history":[{"count":5,"href":"https:\/\/www.exner-firmenbetreuung.de\/index.php?rest_route=\/wp\/v2\/pages\/560\/revisions"}],"predecessor-version":[{"id":570,"href":"https:\/\/www.exner-firmenbetreuung.de\/index.php?rest_route=\/wp\/v2\/pages\/560\/revisions\/570"}],"wp:attachment":[{"href":"https:\/\/www.exner-firmenbetreuung.de\/index.php?rest_route=%2Fwp%2Fv2%2Fmedia&parent=560"}],"curies":[{"name":"wp","href":"https:\/\/api.w.org\/{rel}","templated":true}]}}