{"id":553,"date":"2022-11-14T22:55:25","date_gmt":"2022-11-14T20:55:25","guid":{"rendered":"https:\/\/www.exner-firmenbetreuung.de\/?page_id=553"},"modified":"2022-11-21T14:44:03","modified_gmt":"2022-11-21T12:44:03","slug":"fuehrungskommunikation","status":"publish","type":"page","link":"https:\/\/www.exner-firmenbetreuung.de\/?page_id=553","title":{"rendered":"F\u00fchrungskommunikation"},"content":{"rendered":"<h3>Warum es in der F\u00fchrungskommunikation so wichtig ist, den richtigen Zeitpunkt zu finden<\/h3>\n<p>Wenn du als F\u00fchrungskraft kommunizierst, wei\u00dft du, dass der Ton entscheidend ist. Nicht weniger wichtig ist auch der Zeitpunkt, an dem du Informatio\u00adnen weitergibst, Kritik \u00e4u\u00dferst oder dein Team auf neue Ziele einschw\u00f6rst. Das hei\u00dft vor allem: Nimm dir Zeit f\u00fcr deine Kommunikation, finde den passende Zeitpunkte und Rahmen, gehe auf das Informationsbed\u00fcrfnis deines Teams richtig ein.<\/p>\n<p>Die wichtigsten f\u00fcr Regeln f\u00fcr das richtige Timing in der F\u00fchrungskommunikation sind:<\/p>\n<ol>\n<li>Zeitnah, aber nicht im Affekt kommunizieren.<\/li>\n<li>Vorbereitet, aber nicht zu sp\u00e4t kommunizieren.<\/li>\n<li>Das jeweils angemessene Medium nutzen &#8211; nicht einfach alles per Rund-Mail kommunizieren.<\/li>\n<li>Heikle Ver\u00e4nderungen unter vier Augen kommuni\u00adzieren statt coram publico.<\/li>\n<li>Im Alltag berechenbar und zuverl\u00e4ssig als Gespr\u00e4chspartner verf\u00fcgbar sein &#8211; regelm\u00e4\u00dfig kommunizieren.<\/li>\n<\/ol>\n<p><em>\u00a0<\/em><\/p>\n","protected":false},"excerpt":{"rendered":"<p>Warum es in der F\u00fchrungskommunikation so wichtig ist, den richtigen Zeitpunkt zu finden Wenn du als F\u00fchrungskraft kommunizierst, wei\u00dft du, dass der Ton entscheidend ist. Nicht weniger wichtig ist auch der Zeitpunkt, an dem du Informatio\u00adnen weitergibst, Kritik \u00e4u\u00dferst oder dein Team auf neue Ziele einschw\u00f6rst. Das hei\u00dft vor allem: Nimm dir Zeit f\u00fcr deine <a class=\"read-more\" href=\"https:\/\/www.exner-firmenbetreuung.de\/?page_id=553\">Read More<\/a><\/p>\n","protected":false},"author":1,"featured_media":0,"parent":0,"menu_order":0,"comment_status":"closed","ping_status":"closed","template":"","meta":[],"_links":{"self":[{"href":"https:\/\/www.exner-firmenbetreuung.de\/index.php?rest_route=\/wp\/v2\/pages\/553"}],"collection":[{"href":"https:\/\/www.exner-firmenbetreuung.de\/index.php?rest_route=\/wp\/v2\/pages"}],"about":[{"href":"https:\/\/www.exner-firmenbetreuung.de\/index.php?rest_route=\/wp\/v2\/types\/page"}],"author":[{"embeddable":true,"href":"https:\/\/www.exner-firmenbetreuung.de\/index.php?rest_route=\/wp\/v2\/users\/1"}],"replies":[{"embeddable":true,"href":"https:\/\/www.exner-firmenbetreuung.de\/index.php?rest_route=%2Fwp%2Fv2%2Fcomments&post=553"}],"version-history":[{"count":6,"href":"https:\/\/www.exner-firmenbetreuung.de\/index.php?rest_route=\/wp\/v2\/pages\/553\/revisions"}],"predecessor-version":[{"id":564,"href":"https:\/\/www.exner-firmenbetreuung.de\/index.php?rest_route=\/wp\/v2\/pages\/553\/revisions\/564"}],"wp:attachment":[{"href":"https:\/\/www.exner-firmenbetreuung.de\/index.php?rest_route=%2Fwp%2Fv2%2Fmedia&parent=553"}],"curies":[{"name":"wp","href":"https:\/\/api.w.org\/{rel}","templated":true}]}}