{"id":524,"date":"2022-01-13T22:38:49","date_gmt":"2022-01-13T20:38:49","guid":{"rendered":"https:\/\/www.exner-firmenbetreuung.de\/?page_id=524"},"modified":"2022-01-13T23:19:38","modified_gmt":"2022-01-13T21:19:38","slug":"zertifikat-e-trainerin","status":"publish","type":"page","link":"https:\/\/www.exner-firmenbetreuung.de\/?page_id=524","title":{"rendered":"Zertifikat e-Trainerin"},"content":{"rendered":"<h5>Online-Trainer-Ausbildung &#8211; zertifizierte e-Trainerin-Ausbildung<\/h5>\n<p><em>Corona hat die Welt im Griff. Aber es ist wie immer: Nichts ist so schlecht, dass es nicht auch etwas Gutes h\u00e4tte. Das gilt insbesondere f\u00fcr das Lernen. Online-Lehre bietet zahlreiche M\u00f6glichkeiten, dies effizient zu schaffen. <\/em><br \/><em>Virtuelles Lernen bedeutet dabei, live mit dem Trainer zusammenzuarbeiten, beide (oder mehr) Seiten sitzen zeitgleich an ihren jeweiligen Rechnern. E-Learning hei\u00dft dagegen, Lektionen, Unterrichtseinheiten oder ganze Kurse digital so aufzubereiten, dass sie jederzeit abrufbar sind. Das bedeutet f\u00fcr die Lernenden, dass sie sich den Stoff zu jeder beliebigen Zeit erarbeiten k\u00f6nnen. Es besteht keine Bindung an feste Unterrichtszeiten mehr.<\/em><br \/><em>Das dies andere didaktische Vorgehensweisen erfordert, leuchtet ein. Um eben diese zu erlernen, habe ich mich entschlossen, zertifizierte e-Trainerin zu werden.<\/em><br \/><em>Mein Kurs ist beendet, hier findet ihr in sehr stark verk\u00fcrzter Form die Unterrichtsthemen und meine pers\u00f6nlichen Erfahrungen damit.<\/em><\/p>\n<h4>\u201eWie vermittle ich Pr\u00e4senzunterrichtsstoff Online?\u201c<\/h4>\n<p>Diese Frage war der Ausgangspunkt f\u00fcr meine Ausbildung.<br \/>Als erstes habe ich gelernt, dass ein Rechner mit einem Bildschirm f\u00fcr ein ausdauerndes und effizientes Lernen nicht ausreicht. Die technische Ausstattung f\u00fcr den Online-Unterricht ist eine deutlich komplexere Angelegenheit und reicht vom Licht \u00fcber die Kamera bis hin zum Hintergrund der eigenen Person. Es gibt Vieles zu beachten.<br \/>Weit mehr noch als im Pr\u00e4senzunterricht ist es wichtig, Kursteilnehmer \u00a0am Bildschirm &#8222;abzuholen&#8220; und in den Unterricht einzubinden. Gelingt dies nicht, ist Langeweile beim Lernenden vorprogrammiert.<br \/>Die Pr\u00e4senz der\/des Lehrenden durch Stimme, K\u00f6rpersprache und Rhetorik muss stimmen. Bildschirmarbeit ist anstrengend, daher ist die Einplanung von aktiven \u00dcbungen und Pausen zwingend.<br \/>Ich habe selbst viele \u00dcbungen w\u00e4hrend der Ausbildung absolviert. Am Ende meines Kurses stand mein Meisterst\u00fcck, ein \u00a0Drehbuch f\u00fcr ein Online-Training, ein\u00a0\u201eTrainerleitfaden\u201c sozusagen. Ich habe gelernt, ein interessantes und unvergessliches Online-Training zu planen, aufzubauen, zu gestalten und durchzuf\u00fchren. Probiert es aus!<\/p>\n<p><strong><a href=\"https:\/\/www.exner-firmenbetreuung.de\/wp-content\/uploads\/2022\/01\/Zertifikat_E-Trainer_Annett_Exner-web.jpg\" target=\"_blank\" rel=\"noopener\">Hier<\/a><\/strong> findet ihr <strong><a href=\"https:\/\/www.exner-firmenbetreuung.de\/wp-content\/uploads\/2022\/01\/Zertifikat_E-Trainer_Annett_Exner-web.jpg\" target=\"_blank\" rel=\"noopener\">mein Zertifikat<\/a><\/strong>.<\/p>\n<p>Wie schon gewohnt erhielt ich eine sehr gute Ausbildung durch <strong><a href=\"https:\/\/www.competenceontop.com\" target=\"_blank\" rel=\"noopener\">Competence on Top<\/a><\/strong>. Die vielen Erfahrungen (m)einer kleinen Gruppe sind zusammen mit dem neu Erlernten mehr als n\u00fctzlich f\u00fcr meine t\u00e4gliche Arbeit.<\/p>\n\n\n<p><\/p>\n","protected":false},"excerpt":{"rendered":"<p>Online-Trainer-Ausbildung &#8211; zertifizierte e-Trainerin-Ausbildung Corona hat die Welt im Griff. Aber es ist wie immer: Nichts ist so schlecht, dass es nicht auch etwas Gutes h\u00e4tte. Das gilt insbesondere f\u00fcr das Lernen. Online-Lehre bietet zahlreiche M\u00f6glichkeiten, dies effizient zu schaffen. Virtuelles Lernen bedeutet dabei, live mit dem Trainer zusammenzuarbeiten, beide (oder mehr) Seiten sitzen zeitgleich <a class=\"read-more\" href=\"https:\/\/www.exner-firmenbetreuung.de\/?page_id=524\">Read More<\/a><\/p>\n","protected":false},"author":1,"featured_media":0,"parent":0,"menu_order":0,"comment_status":"closed","ping_status":"closed","template":"","meta":[],"_links":{"self":[{"href":"https:\/\/www.exner-firmenbetreuung.de\/index.php?rest_route=\/wp\/v2\/pages\/524"}],"collection":[{"href":"https:\/\/www.exner-firmenbetreuung.de\/index.php?rest_route=\/wp\/v2\/pages"}],"about":[{"href":"https:\/\/www.exner-firmenbetreuung.de\/index.php?rest_route=\/wp\/v2\/types\/page"}],"author":[{"embeddable":true,"href":"https:\/\/www.exner-firmenbetreuung.de\/index.php?rest_route=\/wp\/v2\/users\/1"}],"replies":[{"embeddable":true,"href":"https:\/\/www.exner-firmenbetreuung.de\/index.php?rest_route=%2Fwp%2Fv2%2Fcomments&post=524"}],"version-history":[{"count":6,"href":"https:\/\/www.exner-firmenbetreuung.de\/index.php?rest_route=\/wp\/v2\/pages\/524\/revisions"}],"predecessor-version":[{"id":534,"href":"https:\/\/www.exner-firmenbetreuung.de\/index.php?rest_route=\/wp\/v2\/pages\/524\/revisions\/534"}],"wp:attachment":[{"href":"https:\/\/www.exner-firmenbetreuung.de\/index.php?rest_route=%2Fwp%2Fv2%2Fmedia&parent=524"}],"curies":[{"name":"wp","href":"https:\/\/api.w.org\/{rel}","templated":true}]}}