{"id":49,"date":"2019-08-13T12:02:44","date_gmt":"2019-08-13T10:02:44","guid":{"rendered":"http:\/\/w509mfanf.homepage.t-online.de\/wordpress\/?page_id=49"},"modified":"2021-04-07T15:40:00","modified_gmt":"2021-04-07T13:40:00","slug":"preise","status":"publish","type":"page","link":"https:\/\/www.exner-firmenbetreuung.de\/?page_id=49","title":{"rendered":"Honorare"},"content":{"rendered":"\n<p>Sie weichen stark voneinander ab &#8211; die Honorars\u00e4tze f\u00fcr Firmenbetreungen. Das gilt f\u00fcr kleinere Berater in Deiner Region ebenso wie f\u00fcr gro\u00dfe Beratungskanzleien. Die Stundens\u00e4tze liegen \u00fcblicherweise zwischen 80,- und 300,- \u20ac zuz\u00fcglich Mehrwertsteuer.<\/p>\n\n\n\n<p>F\u00fcr <strong>Beratungsleistungen<\/strong> bevorzuge ich pers\u00f6nlich Vertr\u00e4ge mit monatlichen Pauschalen. Diese bedeuten f\u00fcr die Auftraggeber mehr Planungssicherheit und zeitgleich auch Flexibilit\u00e4t f\u00fcr alle Beteiligten. Es ist doch oft genug so, dass kurzfristig dringende Fragen besprochen werden m\u00fcssen, denke nur an die Jahresabschl\u00fcsse, und dass in anderen Monaten einfach weniger zu tun ist. Die Monatspauschalen richten sich nat\u00fcrlich nach der Leistungsf\u00e4higkeit Deines Unternehmens. Kleine Handwerksbetriebe sollen und k\u00f6nnen keine Stundens\u00e4tze von 300,- \u20ac bezahlen, was f\u00fcr gro\u00dfe Unternehmen jedoch selbstverst\u00e4ndlich ist.<\/p>\n\n\n\n<p>Vielleicht m\u00f6chtest Du als Unternehmer*in  <strong>Projektarbeit<\/strong> zur L\u00f6sung Deiner Probleme, in die alle betroffenen Mitarbeiter*innen unkompliziert einbezogen werden k\u00f6nnen. Dabei kann ich Dir mit viel Erfahrung und Wissen helfen. Geht es beispielsweise um <strong>Projekte<\/strong> zu Themen wie &#8222;Warenwirtschaftssysteme&#8220;, &#8222;Ablagesysteme&#8220;, die Durchf\u00fchrung von Veranstaltungen, die Optimierung von B\u00fcroabl\u00e4ufen, zum &#8222;Forderungsmanagement&#8220; und anderem mehr, stelle ich Dir 60,- \u20ac pro Stunde in Rechnung, wobei alle anfallenden Stunden nachvollziehbar <strong>in Deinem Unternehmen<\/strong> geleistet werden.<\/p>\n\n\n\n<p>Last but not least biete ich Dir f\u00fcr 70,- \u20ac pro Stunde ein <strong>Businesscoaching<\/strong> an, das folgendes beinhalten k\u00f6nnte. Solltest Du auf der Suche nach einem anderen passenden Beruf sein, biete ich Dir professionelle Unterst\u00fctzung im Findungsprozess, bei der Berufsneuorientierung und auch bei der Selbstmotivation. Zu diesen Leistungen berechtigen mich meine Qualifikationen als <strong>Zertifizierte Trainerin (Competence on Top)<\/strong> und <strong>Zertifizierte Business-Trainerin &amp; Coach.<\/strong> <\/p>\n\n\n\n<p>F\u00fcr alle meine Angebote gilt &#8211; sie sind verhandelbar. Sprich mit mir. Teile mir mit, was Du brauchst, und ich mache Dir ein ma\u00dfgeschneidertes Angebot.<\/p>\n\n\n\n<p><strong><a href=\"https:\/\/www.exner-firmenbetreuung.de\/?page_id=36\">Zum Formular<\/a><\/strong><\/p>\n\n\n\n<p>Zur\u00fcck zu:<\/p>\n\n\n\n<ul><li><a href=\"https:\/\/www.exner-firmenbetreuung.de\/?page_id=214\"><strong>Marktforschung und Betriebsanalysen, Gesch\u00e4ftsmodelloptimierung<\/strong><\/a><\/li><li><strong><a href=\"https:\/\/www.exner-firmenbetreuung.de\/?page_id=44\">Firmenorganisation<\/a><\/strong><\/li><li><strong><a href=\"https:\/\/www.exner-firmenbetreuung.de\/?page_id=46\">Kalkulation<\/a><\/strong><\/li><\/ul>\n\n\n\n<p><\/p>\n","protected":false},"excerpt":{"rendered":"<p>Sie weichen stark voneinander ab &#8211; die Honorars\u00e4tze f\u00fcr Firmenbetreungen. Das gilt f\u00fcr kleinere Berater in Deiner Region ebenso wie f\u00fcr gro\u00dfe Beratungskanzleien. Die Stundens\u00e4tze liegen \u00fcblicherweise zwischen 80,- und 300,- \u20ac zuz\u00fcglich Mehrwertsteuer. F\u00fcr Beratungsleistungen bevorzuge ich pers\u00f6nlich Vertr\u00e4ge mit monatlichen Pauschalen. Diese bedeuten f\u00fcr die Auftraggeber mehr Planungssicherheit und zeitgleich auch Flexibilit\u00e4t f\u00fcr <a class=\"read-more\" href=\"https:\/\/www.exner-firmenbetreuung.de\/?page_id=49\">Read More<\/a><\/p>\n","protected":false},"author":1,"featured_media":0,"parent":0,"menu_order":0,"comment_status":"closed","ping_status":"closed","template":"","meta":[],"_links":{"self":[{"href":"https:\/\/www.exner-firmenbetreuung.de\/index.php?rest_route=\/wp\/v2\/pages\/49"}],"collection":[{"href":"https:\/\/www.exner-firmenbetreuung.de\/index.php?rest_route=\/wp\/v2\/pages"}],"about":[{"href":"https:\/\/www.exner-firmenbetreuung.de\/index.php?rest_route=\/wp\/v2\/types\/page"}],"author":[{"embeddable":true,"href":"https:\/\/www.exner-firmenbetreuung.de\/index.php?rest_route=\/wp\/v2\/users\/1"}],"replies":[{"embeddable":true,"href":"https:\/\/www.exner-firmenbetreuung.de\/index.php?rest_route=%2Fwp%2Fv2%2Fcomments&post=49"}],"version-history":[{"count":17,"href":"https:\/\/www.exner-firmenbetreuung.de\/index.php?rest_route=\/wp\/v2\/pages\/49\/revisions"}],"predecessor-version":[{"id":411,"href":"https:\/\/www.exner-firmenbetreuung.de\/index.php?rest_route=\/wp\/v2\/pages\/49\/revisions\/411"}],"wp:attachment":[{"href":"https:\/\/www.exner-firmenbetreuung.de\/index.php?rest_route=%2Fwp%2Fv2%2Fmedia&parent=49"}],"curies":[{"name":"wp","href":"https:\/\/api.w.org\/{rel}","templated":true}]}}