{"id":484,"date":"2021-07-05T15:17:21","date_gmt":"2021-07-05T13:17:21","guid":{"rendered":"https:\/\/www.exner-firmenbetreuung.de\/?page_id=484"},"modified":"2023-11-13T19:00:51","modified_gmt":"2023-11-13T17:00:51","slug":"foerderung-von-coachings","status":"publish","type":"page","link":"https:\/\/www.exner-firmenbetreuung.de\/?page_id=484","title":{"rendered":"F\u00f6rderung von Coachings"},"content":{"rendered":"\n<p>Mit ihren <strong>F\u00f6rderprogrammen<\/strong> unterst\u00fctzen einige Bundesl\u00e4nder mit zum Teil unterschiedlicher Ausrichtung kleine und mittlere Unternehmen (KMU) bei der Betriebsberatung, bei wirtschaftlichen, finanziellen, personellen und organisatorischen Fragen, um die Wettbewerbsf\u00e4higkeit zu steigern oder wiederherzustellen, mit speziellen Beratungen zu Themen wie Fachkr\u00e4ftegewinnung und -sicherung, Gleichstellung, altersgerechte Gestaltung der Arbeit, Nachhaltigkeit und Umweltschutz oder auch zur internationalen Ausrichtung, also insbesondere bei der Erschlie\u00dfung ausl\u00e4ndischer M\u00e4rkte mit innovativen Produkten und nicht zuletzt auch bei der Neustarthilfe nach dem Lockdown infolge von Corona. <br><strong>Hierzu z\u00e4hlen ausdr\u00fccklich Beratungsleistungen und Coachingma\u00dfnahmen<\/strong>.<\/p>\n\n\n\n<div style=\"height:15px\" aria-hidden=\"true\" class=\"wp-block-spacer\"><\/div>\n\n\n\n<p>Informieren Sie sich dazu unter den folgenden Links, die ich Ihnen ohne Anspruch auf Vollst\u00e4ndigkeit zusammengestellt habe:<\/p>\n\n\n\n<p>ILB (Investitionsbank des Landes Brandenburg)<\/p>\n\n\n\n<p><a href=\"https:\/\/www.ilb.de\/de\/wirtschaft\/zuschuesse\/markterschliessung-durch-kmu\/\" target=\"_blank\" rel=\"noreferrer noopener\"><strong>https:\/\/www.ilb.de\/de\/wirtschaft\/zuschuesse\/markterschliessung-durch-kmu\/<\/strong><\/a><\/p>\n\n\n\n<p>SAB (S\u00e4chsische Aufbaubank)<\/p>\n\n\n\n<p><strong><a href=\"https:\/\/www.sab.sachsen.de\/wir-geben-ideen-kraft\" target=\"_blank\" rel=\"noreferrer noopener\">https:\/\/www.sab.sachsen.de\/wir-geben-ideen-kraft<\/a><\/strong><\/p>\n\n\n\n<p><\/p>\n\n\n\n<p>Berlin (IBB Business Team GmbH, ein Unternehmen der IBB (Investitionsbank Berlin)<\/p>\n\n\n\n<p><strong><a rel=\"noreferrer noopener\" href=\"https:\/\/www.ibb-business-team.de\/coaching-bonus\/\" target=\"_blank\">https:\/\/www.ibb-business-team.de\/coaching-bonus\/<\/a><\/strong> <\/p>\n\n\n\n<p>Auch beim Bundesamt f\u00fcr Wirtschaft und Ausfuhrkontrolle werden Unternehmensberatungen gef\u00f6rdert.<br>Alle Informationen dazu finden Sie unter dem folgenden Link:<\/p>\n\n\n\n<p><strong><a rel=\"noreferrer noopener\" href=\"https:\/\/www.bafa.de\/DE\/Wirtschaft\/Beratung_Finanzierung\/Unternehmensberatung\/unternehmensberatung_node.html\" target=\"_blank\">https:\/\/www.bafa.de\/DE\/Wirtschaft\/Beratung<\/a><\/strong><br>Als eingetragener BAFA-Coach darf ich in diesem Programm als Beraterin t\u00e4tig sein.<\/p>\n\n\n\n<div style=\"height:48px\" aria-hidden=\"true\" class=\"wp-block-spacer\"><\/div>\n\n\n\n<p><strong>Bei Fragen dazu oder auch zur Antragstellung k\u00f6nnen Sie gern auch mich selbst <a href=\"https:\/\/www.exner-firmenbetreuung.de\/?page_id=36\">kontaktieren<\/a>.<\/strong><\/p>\n","protected":false},"excerpt":{"rendered":"<p>Mit ihren F\u00f6rderprogrammen unterst\u00fctzen einige Bundesl\u00e4nder mit zum Teil unterschiedlicher Ausrichtung kleine und mittlere Unternehmen (KMU) bei der Betriebsberatung, bei wirtschaftlichen, finanziellen, personellen und organisatorischen Fragen, um die Wettbewerbsf\u00e4higkeit zu steigern oder wiederherzustellen, mit speziellen Beratungen zu Themen wie Fachkr\u00e4ftegewinnung und -sicherung, Gleichstellung, altersgerechte Gestaltung der Arbeit, Nachhaltigkeit und Umweltschutz oder auch zur internationalen Ausrichtung, <a class=\"read-more\" href=\"https:\/\/www.exner-firmenbetreuung.de\/?page_id=484\">Read More<\/a><\/p>\n","protected":false},"author":1,"featured_media":0,"parent":0,"menu_order":0,"comment_status":"closed","ping_status":"closed","template":"","meta":[],"_links":{"self":[{"href":"https:\/\/www.exner-firmenbetreuung.de\/index.php?rest_route=\/wp\/v2\/pages\/484"}],"collection":[{"href":"https:\/\/www.exner-firmenbetreuung.de\/index.php?rest_route=\/wp\/v2\/pages"}],"about":[{"href":"https:\/\/www.exner-firmenbetreuung.de\/index.php?rest_route=\/wp\/v2\/types\/page"}],"author":[{"embeddable":true,"href":"https:\/\/www.exner-firmenbetreuung.de\/index.php?rest_route=\/wp\/v2\/users\/1"}],"replies":[{"embeddable":true,"href":"https:\/\/www.exner-firmenbetreuung.de\/index.php?rest_route=%2Fwp%2Fv2%2Fcomments&post=484"}],"version-history":[{"count":17,"href":"https:\/\/www.exner-firmenbetreuung.de\/index.php?rest_route=\/wp\/v2\/pages\/484\/revisions"}],"predecessor-version":[{"id":602,"href":"https:\/\/www.exner-firmenbetreuung.de\/index.php?rest_route=\/wp\/v2\/pages\/484\/revisions\/602"}],"wp:attachment":[{"href":"https:\/\/www.exner-firmenbetreuung.de\/index.php?rest_route=%2Fwp%2Fv2%2Fmedia&parent=484"}],"curies":[{"name":"wp","href":"https:\/\/api.w.org\/{rel}","templated":true}]}}