{"id":471,"date":"2021-06-20T15:37:24","date_gmt":"2021-06-20T13:37:24","guid":{"rendered":"https:\/\/www.exner-firmenbetreuung.de\/?page_id=471"},"modified":"2021-07-20T12:48:56","modified_gmt":"2021-07-20T10:48:56","slug":"ausbildung-zur-online-trainerin","status":"publish","type":"page","link":"https:\/\/www.exner-firmenbetreuung.de\/?page_id=471","title":{"rendered":"Ausbildung zur Online-Trainerin"},"content":{"rendered":"<p>Die letzten Monate haben gezeigt, dass die M\u00f6glichkeiten des reinen Pr\u00e4senzunterrichts nicht l\u00e4nger ausreichen. Es m\u00fcssen neue Unterrichtsformen her, die ja schon da sind. Das Medium \u201eOnline\u201c als Unterrichtsform ist mehr denn je in den Fokus ger\u00fcckt und betrifft nat\u00fcrlich auch sehr direkt meine Arbeit.<br \/>Ich m\u00f6chte meine Angebote inhaltlich immer interessant halten und auch im Distanzunterricht den Lerntransfer sicherstellen. Ich habe zwischenzeitlich eine <strong>Ausbildung als Online-Trainerin<\/strong>\u00a0bei der <strong><a href=\"https:\/\/www.competenceontop.com\" target=\"_blank\" rel=\"noopener\">Competence on Top<\/a><\/strong> absolviert.<\/p>\n<p>Mein <strong><a href=\"https:\/\/www.exner-firmenbetreuung.de\/wp-content\/uploads\/2021\/07\/Zertifikat-BTC_Annett_Exner_2021-07-09-002.pdf\" target=\"_blank\" rel=\"noopener\">Zertifikat<\/a><\/strong> finden Sie <strong><a href=\"https:\/\/www.exner-firmenbetreuung.de\/wp-content\/uploads\/2021\/07\/Zertifikat-BTC_Annett_Exner_2021-07-09-002.pdf\" target=\"_blank\" rel=\"noopener\">hier<\/a><\/strong>.<\/p>\n<p>Ich werde in K\u00fcrze \u00fcber die Ausbildung berichten.<\/p>\n<p>Die Ausbildung wurde durch die Europ\u00e4ische Union gef\u00f6rdert.<\/p>\n\n\n<figure class=\"wp-block-image size-large is-resized\"><img loading=\"lazy\" src=\"https:\/\/www.exner-firmenbetreuung.de\/wp-content\/uploads\/2021\/06\/EU-Logomit_EU-und_ESF_Schriftzg_rechts-oben_neben_der_Fahne.3880171-1024x265.jpg\" alt=\"\" class=\"wp-image-476\" width=\"435\" height=\"127\"\/><\/figure>\n\n\n\n<p>Weiterf\u00fchrende Informationen finden Sie auch auf <strong><a rel=\"noreferrer noopener\" href=\"https:\/\/esf.brandenburg.de\/esf\/de\/\" target=\"_blank\">https:\/\/esf.brandenburg.de\/esf\/de\/<\/a><\/strong>   und  <strong><a rel=\"noreferrer noopener\" href=\"https:\/\/ec.europa.eu\" target=\"_blank\">https:\/\/ec.europa.eu<\/a><\/strong>.<\/p>\n","protected":false},"excerpt":{"rendered":"<p>Die letzten Monate haben gezeigt, dass die M\u00f6glichkeiten des reinen Pr\u00e4senzunterrichts nicht l\u00e4nger ausreichen. Es m\u00fcssen neue Unterrichtsformen her, die ja schon da sind. Das Medium \u201eOnline\u201c als Unterrichtsform ist mehr denn je in den Fokus ger\u00fcckt und betrifft nat\u00fcrlich auch sehr direkt meine Arbeit.Ich m\u00f6chte meine Angebote inhaltlich immer interessant halten und auch im <a class=\"read-more\" href=\"https:\/\/www.exner-firmenbetreuung.de\/?page_id=471\">Read More<\/a><\/p>\n","protected":false},"author":1,"featured_media":0,"parent":0,"menu_order":0,"comment_status":"closed","ping_status":"closed","template":"","meta":[],"_links":{"self":[{"href":"https:\/\/www.exner-firmenbetreuung.de\/index.php?rest_route=\/wp\/v2\/pages\/471"}],"collection":[{"href":"https:\/\/www.exner-firmenbetreuung.de\/index.php?rest_route=\/wp\/v2\/pages"}],"about":[{"href":"https:\/\/www.exner-firmenbetreuung.de\/index.php?rest_route=\/wp\/v2\/types\/page"}],"author":[{"embeddable":true,"href":"https:\/\/www.exner-firmenbetreuung.de\/index.php?rest_route=\/wp\/v2\/users\/1"}],"replies":[{"embeddable":true,"href":"https:\/\/www.exner-firmenbetreuung.de\/index.php?rest_route=%2Fwp%2Fv2%2Fcomments&post=471"}],"version-history":[{"count":8,"href":"https:\/\/www.exner-firmenbetreuung.de\/index.php?rest_route=\/wp\/v2\/pages\/471\/revisions"}],"predecessor-version":[{"id":527,"href":"https:\/\/www.exner-firmenbetreuung.de\/index.php?rest_route=\/wp\/v2\/pages\/471\/revisions\/527"}],"wp:attachment":[{"href":"https:\/\/www.exner-firmenbetreuung.de\/index.php?rest_route=%2Fwp%2Fv2%2Fmedia&parent=471"}],"curies":[{"name":"wp","href":"https:\/\/api.w.org\/{rel}","templated":true}]}}