{"id":46,"date":"2019-08-13T12:01:50","date_gmt":"2019-08-13T10:01:50","guid":{"rendered":"http:\/\/w509mfanf.homepage.t-online.de\/wordpress\/?page_id=46"},"modified":"2022-11-14T22:44:04","modified_gmt":"2022-11-14T20:44:04","slug":"kalkulation","status":"publish","type":"page","link":"https:\/\/www.exner-firmenbetreuung.de\/?page_id=46","title":{"rendered":"Kalkulation"},"content":{"rendered":"\n<p>&#8230; ist das aus dem Lateinischen \u201ecalculatio\u201c abgeleitete Wort f\u00fcr eine \u201eBerechnung\u201c und kann an dieser Stelle nur oberfl\u00e4chlich erl\u00e4utert werden. In einem betriebswirtschaftlichen Studium wird das Thema <strong>Kalkulation<\/strong> als umfangreicher Komplex \u00fcber einen l\u00e4ngeren Zeitraum gr\u00fcndlich erarbeitet. An einer kurzen Erl\u00e4uterung versuche ich mich gern:<\/p>\n\n\n\n<hr class=\"wp-block-separator has-css-opacity\"\/>\n\n\n\n<figure class=\"wp-block-image\"><img loading=\"lazy\" width=\"1024\" height=\"160\" src=\"https:\/\/www.exner-firmenbetreuung.de\/wp-content\/uploads\/2019\/08\/kalkulation2-1024x160.jpg\" alt=\"\" class=\"wp-image-329\" srcset=\"https:\/\/www.exner-firmenbetreuung.de\/wp-content\/uploads\/2019\/08\/kalkulation2-1024x160.jpg 1024w, https:\/\/www.exner-firmenbetreuung.de\/wp-content\/uploads\/2019\/08\/kalkulation2-300x47.jpg 300w, https:\/\/www.exner-firmenbetreuung.de\/wp-content\/uploads\/2019\/08\/kalkulation2-768x120.jpg 768w, https:\/\/www.exner-firmenbetreuung.de\/wp-content\/uploads\/2019\/08\/kalkulation2.jpg 1600w\" sizes=\"(max-width: 1024px) 100vw, 1024px\" \/><\/figure>\n\n\n\n<p><\/p>\n\n\n\n<h4><strong>Kalkulation &#8211; Erl\u00e4uterung<\/strong><\/h4>\n\n\n\n<p>Im kaufm\u00e4nnischen Bereich wird jede Art der rechnungsbezogenen Zusammenfassung von Kosten als Kalkulation bezeichnet. Sie analysiert alle Kosten innerhalb eines betrieblichen Leistungsprozesses und erm\u00f6glicht genaue Auswertungen, die die exakte Zuordnung zu einzelnen Kostentr\u00e4gern erm\u00f6glichen. Dies wiederum erm\u00f6glicht Antworten auf Fragen wie z. B. die, ob Vorleistungen oder Produkte selbst erbracht bzw. hergestellt oder besser am Markt eingekauft werden sollten, ob aktuelle Preise ausreichende Gewinnm\u00f6glichkeiten enthalten und wie \u00fcberhaupt die Preisgestaltung f\u00fcr Dienstleistungen oder Produkte aussehen sollte, eben \u201edamit sie sich rechnen\u201c.&nbsp;<\/p>\n\n\n\n<h4><strong>Kalkulation und ihre Aufgaben<\/strong><\/h4>\n\n\n\n<p>Kalkulation ist schlussendlich eine Kostentr\u00e4gerst\u00fcckrechnung, mit der die&nbsp; genauen Kosten einzelner Einheiten von hergestellten oder geleisteten Kostentr\u00e4gern ermittelt werden. Einheiten sind hierbei nicht immer einzelne St\u00fccke oder Produkte, sie k\u00f6nnen auch eine ganze Charge oder ein Auftrag f\u00fcr eine Dienstleistung sein. Die Informationen, die sich hier ergeben, sind vor allem f\u00fcr eine souver\u00e4ne Preisfindung erforderlich, die sich allerdings und besonders bei neu einzuf\u00fchrenden Produkten auch an der Nachfrage am Markt und ggfs. bereits bestehenden Marktpreisen orientieren muss. Die Kalkulation hat die Aufgabe, die f\u00fcr das Unternehmen ausk\u00f6mmlichen Preise und und seine kostenm\u00e4\u00dfige Preisuntergrenzen zu ermitteln.<\/p>\n\n\n\n<p>In der Natur der Sache liegt, dass die Kalkulation von Verkaufspreisen bei unterschiedlichen Unternehmen auch unterschiedlich gehandhabt wird und bei kleinen Unternehmen einfacher ist als bei gro\u00dfen, wo viel mehr Kostenarten viel mehr Kostentr\u00e4gern zugeordnet werden m\u00fcssen.<\/p>\n\n\n\n<p>Ganz einfach kann man sagen, dass Nettopreis plus Kalkulationszuschlag den Verkaufspreis ergeben. In der Realit\u00e4t ist es jedoch selten so, da viel mehr Faktoren zu ber\u00fccksichtigen sind, die Dir vielleicht gar nicht bekannt sind.&nbsp;<\/p>\n\n\n\n<h4><strong>Deine Kalkulation <\/strong><\/h4>\n\n\n\n<p>An dieser Stelle kann ich Dich abholen. Wenn Du kein Zahlenmensch, kein Buchhalter bist, Dein Unternehmen oder Deine Firma nicht gro\u00df ist, diese Aufgaben Dich \u00fcber Geb\u00fchr belasten und Dich von den Dingen, die Dir viel besser liegen abhalten\u2026 dann setze Dich mit mir in Verbindung, ich \u00fcbernehme das gern f\u00fcr Dich. Gemeinsam werden wir gute L\u00f6sungen f\u00fcr Deinen Betrieb finden.<br><\/p>\n\n\n\n<p>Weiter bzw. zur\u00fcck zu:<\/p>\n\n\n\n<ul><li><a href=\"https:\/\/www.exner-firmenbetreuung.de\/?page_id=214\"><strong>Marktforschung und Betriebsanalysen, Gesch\u00e4ftsmodelloptimierung<\/strong><\/a><\/li><li><strong><a href=\"https:\/\/www.exner-firmenbetreuung.de\/?page_id=44\">Firmenorganisation<\/a><\/strong><\/li><li><strong><a href=\"https:\/\/www.exner-firmenbetreuung.de\/?page_id=49\">Honorare<\/a><\/strong><\/li><\/ul>\n\n\n\n<p>Fragen? Probleme? Nimm Kontakt zu mir auf.&nbsp;<\/p>\n\n\n\n<p><strong><a href=\"https:\/\/www.exner-firmenbetreuung.de\/?page_id=36\">Zum Formular<\/a><\/strong><\/p>\n","protected":false},"excerpt":{"rendered":"<p>&#8230; ist das aus dem Lateinischen \u201ecalculatio\u201c abgeleitete Wort f\u00fcr eine \u201eBerechnung\u201c und kann an dieser Stelle nur oberfl\u00e4chlich erl\u00e4utert werden. In einem betriebswirtschaftlichen Studium wird das Thema Kalkulation als umfangreicher Komplex \u00fcber einen l\u00e4ngeren Zeitraum gr\u00fcndlich erarbeitet. An einer kurzen Erl\u00e4uterung versuche ich mich gern: Kalkulation &#8211; Erl\u00e4uterung Im kaufm\u00e4nnischen Bereich wird jede Art <a class=\"read-more\" href=\"https:\/\/www.exner-firmenbetreuung.de\/?page_id=46\">Read More<\/a><\/p>\n","protected":false},"author":1,"featured_media":0,"parent":0,"menu_order":0,"comment_status":"closed","ping_status":"closed","template":"","meta":[],"_links":{"self":[{"href":"https:\/\/www.exner-firmenbetreuung.de\/index.php?rest_route=\/wp\/v2\/pages\/46"}],"collection":[{"href":"https:\/\/www.exner-firmenbetreuung.de\/index.php?rest_route=\/wp\/v2\/pages"}],"about":[{"href":"https:\/\/www.exner-firmenbetreuung.de\/index.php?rest_route=\/wp\/v2\/types\/page"}],"author":[{"embeddable":true,"href":"https:\/\/www.exner-firmenbetreuung.de\/index.php?rest_route=\/wp\/v2\/users\/1"}],"replies":[{"embeddable":true,"href":"https:\/\/www.exner-firmenbetreuung.de\/index.php?rest_route=%2Fwp%2Fv2%2Fcomments&post=46"}],"version-history":[{"count":22,"href":"https:\/\/www.exner-firmenbetreuung.de\/index.php?rest_route=\/wp\/v2\/pages\/46\/revisions"}],"predecessor-version":[{"id":549,"href":"https:\/\/www.exner-firmenbetreuung.de\/index.php?rest_route=\/wp\/v2\/pages\/46\/revisions\/549"}],"wp:attachment":[{"href":"https:\/\/www.exner-firmenbetreuung.de\/index.php?rest_route=%2Fwp%2Fv2%2Fmedia&parent=46"}],"curies":[{"name":"wp","href":"https:\/\/api.w.org\/{rel}","templated":true}]}}