{"id":44,"date":"2019-08-13T12:01:27","date_gmt":"2019-08-13T10:01:27","guid":{"rendered":"http:\/\/w509mfanf.homepage.t-online.de\/wordpress\/?page_id=44"},"modified":"2021-04-08T12:45:10","modified_gmt":"2021-04-08T10:45:10","slug":"firmenorganisation","status":"publish","type":"page","link":"https:\/\/www.exner-firmenbetreuung.de\/?page_id=44","title":{"rendered":"Firmenorganisation"},"content":{"rendered":"\n<h4>Dein Unternehmen richtig aufstellen<\/h4>\n\n\n\n<p>Deine <strong>Firmen- bzw. Betriebsorganisation<\/strong> ist einer der wesentlichsten Faktoren f\u00fcr Ihren Unternehmenserfolg. Solltest Du diese Begriffe googeln, findest Du zahllose Erl\u00e4uterungen und&nbsp; Definitionen. Ich erg\u00e4nze diese Menge an dieser Stelle um eine weitere, will mich aber von vornherein auf die <strong>Firmenorganisation<\/strong> kleinerer Unternehmen beschr\u00e4nken, da ich Dir genau daf\u00fcr auch meine Unterst\u00fctzung und Betreuung anbiete.<\/p>\n\n\n\n<p>Mit wenigen Worten zusammengefasst bedeutet Firmenorganisation die Regelung s\u00e4mtlicher betrieblicher Abl\u00e4ufe und Strukturen Deines Unternehmens, die selbstredend auch f\u00fcr kleine Unternehmen sehr wichtig f\u00fcr ihren Erfolg sind. Was dabei f\u00fcr Dich und Dein Unternehmen relevant ist, entscheidest Du leider nicht nur selbst, sondern wird oft auch von \u00e4u\u00dferen Faktoren bestimmt. Unter diesem Aspekt ist eine objektive und distanzierte Beratung von au\u00dfen eine \u00fcberlegenswerte Sache, zumal Dir vielleicht nicht einmal alle wichtigen Fragen bekannt sind, die unter Umst\u00e4nden zu geldwerten Nachteilen oder anderen Problemen f\u00fcr Dein Unternehmen oder Deine Firma f\u00fchren k\u00f6nnen.<\/p>\n\n\n\n<figure class=\"wp-block-image\"><img loading=\"lazy\" width=\"1024\" height=\"160\" src=\"https:\/\/www.exner-firmenbetreuung.de\/wp-content\/uploads\/2019\/08\/organigramm3-1024x160.jpg\" alt=\"\" class=\"wp-image-366\" srcset=\"https:\/\/www.exner-firmenbetreuung.de\/wp-content\/uploads\/2019\/08\/organigramm3-1024x160.jpg 1024w, https:\/\/www.exner-firmenbetreuung.de\/wp-content\/uploads\/2019\/08\/organigramm3-300x47.jpg 300w, https:\/\/www.exner-firmenbetreuung.de\/wp-content\/uploads\/2019\/08\/organigramm3-768x120.jpg 768w, https:\/\/www.exner-firmenbetreuung.de\/wp-content\/uploads\/2019\/08\/organigramm3.jpg 1600w\" sizes=\"(max-width: 1024px) 100vw, 1024px\" \/><\/figure>\n\n\n\n<p>Zu den wichtigsten Punkten der Firmenorganisation z\u00e4hlen <strong>ohne Anspruch auf Vollst\u00e4ndigkeit<\/strong> die folgenden:<\/p>\n\n\n\n<p><\/p>\n\n\n\n<ul><li>Fragen zur Rechtsform Deines Unternehmens &#8211; die Standortfrage und das Problem Deiner Mitarbeiter*innen hast Du sicher l\u00e4ngst gekl\u00e4rt. (Wenn nicht, kann ich Dir behilflich sein.)<\/li><li>Die betriebliche Struktur &#8211; also der Aufbau Deines Unternehmens vom\/von der Chef*in bis zum\/zur \u201ekleinsten\u201c Mitarbeiter*in. Hier sollten f\u00fcr jede*n die Arbeitsaufgaben festgelegt sein.<\/li><li>Das Management &#8211; also die nach wirtschaftlichen Prinzipien ausgerichtete Leitung, Planung und Organisation Deines Unternehmens. Du selbst als Unternehmer*in wirst das vermutlich h\u00e4ufig selbst \u00fcbernehmen m\u00fcssen.<\/li><li>Die Personalplanung &#8211; Wenn Du absch\u00e4tzen kannst, dass sich Dein Unternehmen entwickelt, Du Erfolg hast, bedenke, dass Deine Mitarbeiter*innen l\u00e4ngerfristig vielleicht nicht ausreichen.<\/li><li>Die Leistungserstellung &#8211; Hier machst Du Dir genaue Gedanken zu Deinen betrieblichen Abl\u00e4ufen, zum Beispiel Einkauf &#8211; Produktion &#8211; Vertrieb oder Marketing &#8211; Akquise &#8211; Dienstleistung.<\/li><li>Die Schutzrechte &#8211; Hier geht es um Patente und Marken, die anzumelden manchmal gro\u00dfen finanziellen Schaden abwenden kann.<\/li><li>Die Software &#8211; Es geht nur noch digital. F\u00fcr Dein Unternehmen und seine Buchhaltung gibt es geeignete und weniger geeignete Software. Denke an eine passende Steuerberatung. Lass uns dar\u00fcber sprechen.<\/li><li>\u2026<\/li><\/ul>\n\n\n\n<p>Weiter bzw. zur\u00fcck zu:<\/p>\n\n\n\n<ul><li><a href=\"https:\/\/www.exner-firmenbetreuung.de\/?page_id=214\"><strong>Marktforschung und Betriebsanalysen, Gesch\u00e4ftsmodelloptimierung<\/strong><\/a><\/li><li><strong><a href=\"https:\/\/www.exner-firmenbetreuung.de\/?page_id=46\">Kalkulation<\/a><\/strong><\/li><li><strong><a href=\"https:\/\/www.exner-firmenbetreuung.de\/?page_id=49\">Honorare<\/a><\/strong><\/li><\/ul>\n\n\n\n<p>Fragen? Nimm Kontakt zu mir auf.&nbsp;<\/p>\n\n\n\n<p><strong><a href=\"https:\/\/www.exner-firmenbetreuung.de\/?page_id=36\">Zum Formular<\/a><\/strong><\/p>\n","protected":false},"excerpt":{"rendered":"<p>Dein Unternehmen richtig aufstellen Deine Firmen- bzw. Betriebsorganisation ist einer der wesentlichsten Faktoren f\u00fcr Ihren Unternehmenserfolg. Solltest Du diese Begriffe googeln, findest Du zahllose Erl\u00e4uterungen und&nbsp; Definitionen. Ich erg\u00e4nze diese Menge an dieser Stelle um eine weitere, will mich aber von vornherein auf die Firmenorganisation kleinerer Unternehmen beschr\u00e4nken, da ich Dir genau daf\u00fcr auch meine <a class=\"read-more\" href=\"https:\/\/www.exner-firmenbetreuung.de\/?page_id=44\">Read More<\/a><\/p>\n","protected":false},"author":1,"featured_media":0,"parent":0,"menu_order":0,"comment_status":"closed","ping_status":"closed","template":"","meta":[],"_links":{"self":[{"href":"https:\/\/www.exner-firmenbetreuung.de\/index.php?rest_route=\/wp\/v2\/pages\/44"}],"collection":[{"href":"https:\/\/www.exner-firmenbetreuung.de\/index.php?rest_route=\/wp\/v2\/pages"}],"about":[{"href":"https:\/\/www.exner-firmenbetreuung.de\/index.php?rest_route=\/wp\/v2\/types\/page"}],"author":[{"embeddable":true,"href":"https:\/\/www.exner-firmenbetreuung.de\/index.php?rest_route=\/wp\/v2\/users\/1"}],"replies":[{"embeddable":true,"href":"https:\/\/www.exner-firmenbetreuung.de\/index.php?rest_route=%2Fwp%2Fv2%2Fcomments&post=44"}],"version-history":[{"count":17,"href":"https:\/\/www.exner-firmenbetreuung.de\/index.php?rest_route=\/wp\/v2\/pages\/44\/revisions"}],"predecessor-version":[{"id":461,"href":"https:\/\/www.exner-firmenbetreuung.de\/index.php?rest_route=\/wp\/v2\/pages\/44\/revisions\/461"}],"wp:attachment":[{"href":"https:\/\/www.exner-firmenbetreuung.de\/index.php?rest_route=%2Fwp%2Fv2%2Fmedia&parent=44"}],"curies":[{"name":"wp","href":"https:\/\/api.w.org\/{rel}","templated":true}]}}