{"id":42,"date":"2019-08-13T12:01:03","date_gmt":"2019-08-13T10:01:03","guid":{"rendered":"http:\/\/w509mfanf.homepage.t-online.de\/wordpress\/?page_id=42"},"modified":"2021-04-07T15:41:49","modified_gmt":"2021-04-07T13:41:49","slug":"dozententaetigkeit","status":"publish","type":"page","link":"https:\/\/www.exner-firmenbetreuung.de\/?page_id=42","title":{"rendered":"Dozentent\u00e4tigkeit"},"content":{"rendered":"\n<p>Wenn Du Dich bereits ein bisschen auf meiner Seite umgesehen haben, vermutest Du vielleicht auch, dass die Weitergabe von Wissen ein Teil meines Lebens ist. Schon fr\u00fcher habe ich gern anderen beim Lernen geholfen, &#8222;doziert&#8220; eben&#8230; Sp\u00e4ter habe ich mich weitergebildet, ganz offiziell. Auch um mein vielleicht naturgegebenes Talent zum Unterrichten mit fachlichen und p\u00e4dagogischen Aspekten aufzuwerten. Schlie\u00dflich muss Unterricht informativ, abwechslungsreich, lehrsam und und vor allen Dingen nachhaltig sein.<\/p>\n\n\n\n<p>Seit Oktober 2013 arbeite ich als freie Dozentin bei der <a rel=\"noreferrer noopener\" aria-label=\"Handwerkskammer Potsdam (\u00f6ffnet in neuem Tab)\" href=\"https:\/\/www.hwk-potsdam.de\" target=\"_blank\"><strong>Handwerkskammer Potsdam<\/strong><\/a> und unterrichte dort \u00fcberwiegend Kurse in den Meisterklassen im Teil II und Teil III, zum Beispiel in der  KFZ-, Landmaschinen- und Metallbaubranche, aber noch vielen anderen mehr. Was ich unterrichte? Zum Beispiel <strong>&#8222;Betriebliche Kennzahlen mit den Kalkulationsgrundlagen&#8220;, &#8222;Technische Betriebsf\u00fchrung mit den Bereichen Arbeitsplanung und Betriebsausstattung&#8220;<\/strong>, aber auch Themen wie <strong>Unternehmensf\u00fchrung<\/strong> oder die <strong>Motivation von Mitarbeitern<\/strong>.<\/p>\n\n\n\n<p>Weiterhin gebe ich Kurse f\u00fcr die Handwerkskammer Hamburg auf dem <a rel=\"noreferrer noopener\" aria-label=\"Elbcampus in Hamburg (\u00f6ffnet in neuem Tab)\" href=\"https:\/\/www.elbcampus.de\" target=\"_blank\"><strong>Elbcampus in Hamburg<\/strong><\/a> und an der <a rel=\"noreferrer noopener\" aria-label=\"DUT Wirtschaftsfachschule GmbH &amp; Co. (\u00f6ffnet in neuem Tab)\" href=\"https:\/\/www.dut.de\" target=\"_blank\"><strong>DUT Wirtschaftsfachschule GmbH &amp; Co.<\/strong><\/a> in Berlin. Beide sind Bildungseinrichtungen f\u00fcr berufliche Weiterbildungen und Umschulungen von Interessierten in verschiedenen Fachgebieten. Die<strong> <\/strong><a rel=\"noreferrer noopener\" aria-label=\"Hochschule Macromedia, Standort Hamburg (\u00f6ffnet in neuem Tab)\" href=\"https:\/\/www.macromedia-fachhochschule.de\/standorte\/campus-hamburg.html\" target=\"_blank\"><strong>Hochschule Macromedia, Standort Hamburg<\/strong><\/a> &#8211;  eine private Hochschule zur Gestaltung des digitalen Wandels mit Schwerpunkt im Bereich Medien, Management und Kommunikation &#8211; ist ein weiterer Arbeitsort, den ich wie die beiden erst genannten mit Kursen in <strong>Betriebswirtschaftslehre (BWL) bediene, die Jahresabschl\u00fcsse, Kostenrechnungen, Finanzieren und Investieren, Controlling  ebenso wie Betriebsorganisation<\/strong> einschlie\u00dfen. Alle drei Schulen haben sich das <strong>praxisorientierte Lernen<\/strong> auf die Fahnen geschrieben, das ich mit ganzem Herzen unterst\u00fctze und mit meinen M\u00f6glichkeiten f\u00f6rdere.<\/p>\n\n\n\n<p>Wie schon gesagt: Ich habe mich mehrfach weitergebildet. 2009 erwarb ich die&nbsp;<strong>Berufs- und Arbeitsp\u00e4dagogische Qualifikation<\/strong>, von 2010 bis 2012 widmete ich mich der Betriebswirtschaft (Ich darf mich seitdem&nbsp;<strong>Betriebswirtin (HWK)<\/strong>&nbsp;nennen.). Zwei Trainer-Kurse absolvierte ich, einen 2014 und den zweiten 2016. Ich bin also&nbsp;<strong>Zertifizierte Trainerin (Competence on Top)<\/strong>&nbsp;und&nbsp;<strong>Zertifizierte Business-Trainerin &amp; Coach.<\/strong><\/p>\n\n\n\n<p>Wenn Du eine hochmotivierte und nat\u00fcrlich engagierte Dozentin f\u00fcr die genannten Bereiche suchst &#8211; ich stehe zur Verf\u00fcgung. <\/p>\n\n\n\n<p>Fragen dazu? Probleme? Nimm Kontakt zu mir auf.\u00a0\u00a0<\/p>\n\n\n\n<p><strong><a href=\"https:\/\/www.exner-firmenbetreuung.de\/?page_id=36\">Zum Kontaktformular<\/a><\/strong><\/p>\n\n\n\n<p><br><\/p>\n","protected":false},"excerpt":{"rendered":"<p>Wenn Du Dich bereits ein bisschen auf meiner Seite umgesehen haben, vermutest Du vielleicht auch, dass die Weitergabe von Wissen ein Teil meines Lebens ist. Schon fr\u00fcher habe ich gern anderen beim Lernen geholfen, &#8222;doziert&#8220; eben&#8230; Sp\u00e4ter habe ich mich weitergebildet, ganz offiziell. Auch um mein vielleicht naturgegebenes Talent zum Unterrichten mit fachlichen und p\u00e4dagogischen <a class=\"read-more\" href=\"https:\/\/www.exner-firmenbetreuung.de\/?page_id=42\">Read More<\/a><\/p>\n","protected":false},"author":1,"featured_media":0,"parent":0,"menu_order":0,"comment_status":"closed","ping_status":"closed","template":"","meta":[],"_links":{"self":[{"href":"https:\/\/www.exner-firmenbetreuung.de\/index.php?rest_route=\/wp\/v2\/pages\/42"}],"collection":[{"href":"https:\/\/www.exner-firmenbetreuung.de\/index.php?rest_route=\/wp\/v2\/pages"}],"about":[{"href":"https:\/\/www.exner-firmenbetreuung.de\/index.php?rest_route=\/wp\/v2\/types\/page"}],"author":[{"embeddable":true,"href":"https:\/\/www.exner-firmenbetreuung.de\/index.php?rest_route=\/wp\/v2\/users\/1"}],"replies":[{"embeddable":true,"href":"https:\/\/www.exner-firmenbetreuung.de\/index.php?rest_route=%2Fwp%2Fv2%2Fcomments&post=42"}],"version-history":[{"count":23,"href":"https:\/\/www.exner-firmenbetreuung.de\/index.php?rest_route=\/wp\/v2\/pages\/42\/revisions"}],"predecessor-version":[{"id":412,"href":"https:\/\/www.exner-firmenbetreuung.de\/index.php?rest_route=\/wp\/v2\/pages\/42\/revisions\/412"}],"wp:attachment":[{"href":"https:\/\/www.exner-firmenbetreuung.de\/index.php?rest_route=%2Fwp%2Fv2%2Fmedia&parent=42"}],"curies":[{"name":"wp","href":"https:\/\/api.w.org\/{rel}","templated":true}]}}