{"id":401,"date":"2021-04-07T14:20:14","date_gmt":"2021-04-07T12:20:14","guid":{"rendered":"https:\/\/www.exner-firmenbetreuung.de\/?page_id=401"},"modified":"2021-04-08T12:58:56","modified_gmt":"2021-04-08T10:58:56","slug":"modulbaukasten-herzensbusiness","status":"publish","type":"page","link":"https:\/\/www.exner-firmenbetreuung.de\/?page_id=401","title":{"rendered":"Modulbaukasten Herzensbusiness"},"content":{"rendered":"\n<div style=\"height:20px\" aria-hidden=\"true\" class=\"wp-block-spacer\"><\/div>\n\n\n\n<figure class=\"wp-block-image\"><img loading=\"lazy\" width=\"866\" height=\"239\" src=\"https:\/\/www.exner-firmenbetreuung.de\/wp-content\/uploads\/2021\/04\/modulbaukasten4web-hscu.jpg\" alt=\"\" class=\"wp-image-466\" srcset=\"https:\/\/www.exner-firmenbetreuung.de\/wp-content\/uploads\/2021\/04\/modulbaukasten4web-hscu.jpg 866w, https:\/\/www.exner-firmenbetreuung.de\/wp-content\/uploads\/2021\/04\/modulbaukasten4web-hscu-300x83.jpg 300w, https:\/\/www.exner-firmenbetreuung.de\/wp-content\/uploads\/2021\/04\/modulbaukasten4web-hscu-768x212.jpg 768w\" sizes=\"(max-width: 866px) 100vw, 866px\" \/><\/figure>\n\n\n\n<div style=\"height:20px\" aria-hidden=\"true\" class=\"wp-block-spacer\"><\/div>\n\n\n\n<p>Deine Existenzgr\u00fcndung ist geschafft, Dein Traum in Erf\u00fcllung gegangen. Aber jetzt bist Du selbst verantwortlich, f\u00fcr alles, was Du tust (oder auch nicht tust), und das vom ersten Tag an. Fast die H\u00e4lfte aller Existenzgr\u00fcnder gibt in den ersten drei bis sechs Jahren wieder auf, aus h\u00e4ufig vermeidbaren Gr\u00fcnden. Du sollst nicht dazu geh\u00f6ren, es w\u00e4re schade um die viele, viele Arbeit, die schon in Deinem Unternehmen steckt.<\/p>\n\n\n\n<div style=\"height:61px\" aria-hidden=\"true\" class=\"wp-block-spacer\"><\/div>\n\n\n\n<h4><strong>Kennst Du die Fehler, die Selbstst\u00e4ndige \/ Unternehmer am h\u00e4ufigsten machen?<\/strong><\/h4>\n\n\n\n<p>Sehr oft h\u00f6re ich (und kenne es sogar aus eigenem Erleben), dass sie versuchen, alles alleine zu machen: \u201eSo schwer kann das gar nicht sein\u201c.<\/p>\n\n\n\n<ul><li>Es wird versucht, soviel wie m\u00f6glich zu sparen (V\u00f6llig verst\u00e4ndlich, selten ist gleich zu Anfang ausreichend Geld da.). Existenzgr\u00fcnder bestehen z.B. darauf, selbst zu designen. Sie haben noch nie Photoshop benutzt, denken aber, dass es schon irgendwie gehen wird.&nbsp;<\/li><li>Beim Geld h\u00f6rt der Spa\u00df auf, das sagt sogar ein Sprichwort. Vermutungen und Sch\u00e4tzungen z. B. beim Festsetzen Ihrer Preise sind mehr als gef\u00e4hrlich. Wenn es in der Kasse nicht stimmt, ist die Selbstst\u00e4ndigkeit zum Scheitern verurteilt. Gerade Existenzgr\u00fcnder arbeiten oft schon mal unter Wert.<\/li><li>Selbstst\u00e4ndige Existenzgr\u00fcnder haben oft nur wenige Auftraggeber, was Abh\u00e4ngigkeit und ein erhebliches existenzielles Risiko bedeutet. Vergiss nie die Akquise, und das, wenn noch Arbeit da ist.<\/li><li>\u201eDas bisschen Buchhaltung macht sich doch fast von allein\u2026\u201c  &#8211;  Vorsicht! Nicht umsonst haben Buchhalter*innen eine langj\u00e4hrige Ausbildung, die kein Luxus, sondern einfach notwendig ist. Du kannst die Buchhaltung extern vergeben oder auch gleich Deinen Steuerberater machen lassen. Wenn das Finanzamt erstmal richtig hinsieht, ist \u00c4rger vorprogrammiert.<\/li><li>\u201eWebseite? \u2013 Mach ich sp\u00e4ter!\u201c \u2013 Ein Business\/Unternehmen ohne Webseite funktioniert heute nicht mehr.&nbsp;Da muss also eine gleich zu Beginn Deiner Selbstst\u00e4ndigkeit her. Sie kann sp\u00e4ter erweitert werden.<\/li><li>Niemand kann 24\/7 arbeiten, also rund um die Uhr und von Montag bis Sonntag. Du brauchst Kraft f\u00fcr Deine Selbstst\u00e4ndigkeit, und die wird in der Freizeit gesammelt. Deine Selbstorganisation ist von entscheidender Bedeutung.<\/li><\/ul>\n\n\n\n<p>\u201eJede*r kann fallen. Wichtig ist es, wieder aufzustehen.&#8220; &#8211; Fehler zu machen ist menschlich, lernen wir daraus.<\/p>\n\n\n\n<div style=\"height:20px\" aria-hidden=\"true\" class=\"wp-block-spacer\"><\/div>\n\n\n\n<p><strong>Mein Name ist Annett Exner, ich bin Betriebswirtin, Business Coach und Trainer.<\/strong>&nbsp;<br>In meinem \u201eersten Berufsleben\u201c habe ich \u00fcber 20 Jahre in einem Mittelst\u00e4ndischen Handwerksbetrieb gearbeitet und ihn \u201evon der Pike auf\u201c kennengelernt. Vor ein paar Jahren habe ich mich entschlossen, meine Erfahrungen und mein Wissen an Unternehmer von Morgen weiterzugeben. Ich habe mehrere Qualifikationen durchlaufen bzw. erfolgreich absolviert und arbeite seitdem als freiberufliche Dozentin in verschiedenen Einrichtungen der Erwachsenenqualifizierung. Diese jahrelangen beruflichen Erfahrungen im Arbeits- und Dozentinnenleben, brachten mich auf die Idee, einen Modulbaukasten f\u00fcr angehende und schon aktive Unternehmer*innen zu entwickeln.&nbsp;<br><strong>Er ist fertig.<\/strong> <strong>Sieh ihn Dir an. Es sind ganz sicher auch f\u00fcr Dich notwendige und n\u00fctzliche Module dabei.<\/strong><\/p>\n\n\n\n<div style=\"height:51px\" aria-hidden=\"true\" class=\"wp-block-spacer\"><\/div>\n\n\n\n<h4 id=\"anker8\">Mein Modulbaukasten besteht aus 7 Modulen:&nbsp;&nbsp;<\/h4>\n\n\n\n<div style=\"height:20px\" aria-hidden=\"true\" class=\"wp-block-spacer\"><\/div>\n\n\n\n<ol><li><strong><a href=\"Erkennen des \u201eWarum\u201c der Selbstst\u00e4ndigkeit&quot;&lt;\/strong&gt;&lt;\/h4&gt;\">Modul 1<\/a><\/strong><a href=\"#anker1\"> &#8211; <strong>Erkennen des Warum<\/strong> (Deine Motivation und Deine Unternehmerpers\u00f6nlichkeit \u2013 Wer bist Du?)<\/a>&nbsp;<\/li><li><strong><a href=\"#anker2\">Modul 2 <\/a><\/strong><a href=\"#anker2\">&#8211; <strong>Art Deiner Selbstst\u00e4ndigkeit<\/strong> (Es f\u00fchren viele Wege nach Rom!)<\/a><\/li><li><strong><a href=\"#anker3\">Modul 3<\/a><\/strong><a href=\"#anker3\"> &#8211; <strong>Marketing<\/strong> (Hier geht es nicht nur um Werbung \u2013 Wie verzauberst Du Deine Kunden?)<\/a>&nbsp;<\/li><li><strong><a href=\"#anker4\">Modul 4<\/a><\/strong><a href=\"#anker4\"> &#8211; <strong>Betriebswirtschaft <\/strong>(Rechnen ist gar nicht so schwer.)<\/a><\/li><li><strong><a href=\"#anker5\">Modul 5<\/a><\/strong><a href=\"#anker5\"> &#8211; <strong>Umsatzzahlen<\/strong> (Wie sieht Dein Businessplan f\u00fcr die n\u00e4chsten drei Jahre aus?)<\/a>&nbsp;<\/li><li><strong><a href=\"#anker6\">Modul 6<\/a><\/strong><a href=\"#anker6\"> &#8211;<strong> B\u00fcroorganisation<\/strong> (Beherrsche das Papierchaos?)<\/a><\/li><li><strong><a href=\"#anker7\">Modul 7<\/a><\/strong><a href=\"#anker7\"> &#8211; <strong>Anmeldung der Selbstst\u00e4ndigkeit<\/strong> (Beh\u00f6rden und Beamte sind auch nur Menschen.)<\/a><\/li><\/ol>\n\n\n\n<p>Handle wie ein Profi &#8211; Investiere in Deine Unterst\u00fctzung!!!<br>Niemand sagt, dass Du alles allein und selbst machen musst? (Was haben Dich Deine Versuche in dieser Richtung in den vergangenen Jahren gekostet?<br>Was wird es noch kosten, wenn Du es weiter allein versuchst?<\/p>\n\n\n\n<p><strong>Ich w\u00fcnsche Dir jeden Erfolg mit Deinem Unternehmen. Bitte, bleib gesund!!!<\/strong><\/p>\n\n\n\n<figure class=\"wp-block-image\"><img loading=\"lazy\" width=\"283\" height=\"93\" src=\"https:\/\/www.exner-firmenbetreuung.de\/wp-content\/uploads\/2021\/04\/unterschrift-exner2.jpg\" alt=\"\" class=\"wp-image-448\"\/><\/figure>\n\n\n\n<div style=\"height:100px\" aria-hidden=\"true\" class=\"wp-block-spacer\"><\/div>\n\n\n\n<hr class=\"wp-block-separator\"\/>\n\n\n\n<p id=\"anker1\"> Modul 1)<\/p>\n\n\n\n<h4> <strong> Erkennen des \u201eWarum\u201c der Selbstst\u00e4ndigkeit<\/strong><\/h4>\n\n\n\n<ul><li>Welche Bilder sind in Deinem Kopf, wenn Du an Selbstst\u00e4ndigkeit denkst?<\/li><li>Bedeutet das f\u00fcr Dich, eine \u201evermeintliche\u201c Sicherheit zu verlassen?<\/li><li>Kennst Du das? &#8211; &#8222;Selbstst\u00e4ndig hei\u00dft selbst und st\u00e4ndig&#8220;. Du musst arbeiten bis zum Umfallen und hast keine Zeit mehr f\u00fcr D\/ein Privatleben.&nbsp;<\/li><li>Nichts davon muss sein. Kannst Du Dir vorstellen, das, was Du heute in deiner Freizeit tust, als Deine Berufung zu leben? Stelle Dir Deine Arbeitstage mal so vor!<\/li><li>Ich kann dir zeigen, wie Du deine Berufung mit Lust, Freude und Spa\u00df leben kannst, ohne dabei Dich selbst und Deine Familie\/Freunde zu vernachl\u00e4ssigen.&nbsp;<\/li><li>Wir erarbeiten gemeinsam die positiven Aspekte Deiner Selbstst\u00e4ndigkeit und Deiner Unternehmerpers\u00f6nlichkeit.<\/li><li>Damit bekommst Du ein wirksames und effektives Tool f\u00fcr deine t\u00e4gliche Eigenmotivation in die Hand.<\/li><\/ul>\n\n\n\n<p>Das Modul besteht aus dem kostenfreien Kennenlerntermin und zwei weiteren, frei w\u00e4hlbaren Terminen.<br><strong>Modulpreis: 160,- \u20ac netto zuzgl. gesetzl. MwSt.<\/strong><\/p>\n\n\n\n<p><strong><a href=\"#anker8\">Zur\u00fcck<\/a><\/strong><\/p>\n\n\n\n<div style=\"height:42px\" aria-hidden=\"true\" class=\"wp-block-spacer\"><\/div>\n\n\n\n<p id=\"anker2\"> Modul 2)<\/p>\n\n\n\n<h4><strong>Art Deiner Selbstst\u00e4ndigkeit<\/strong><\/h4>\n\n\n\n<ul><li>Die Entwicklung einer Gesch\u00e4ftsidee geh\u00f6rt zu den wichtigsten Voraussetzungen f\u00fcr den Schritt zum\/zur Unternehmer*in. Es geht nicht immer darum, Neues zu entwickeln. Manchmal reichen auch denkbare Alternativen, die zusammengetragen werden m\u00fcssen.<\/li><li>Sich zwischen Rechtsformen von Unternehmen zu entscheiden ist f\u00fcr einige, wie vor einer Weggabelung mit vielen Wegen zu stehen und nicht zu wissen, welcher Weg zum Ziel f\u00fchrt. Bei der Frage nach der geeigneten Rechtsform f\u00fcr Dein Unternehmen geht es um Dinge wie Haftung, aufzubringendes Kapital oder Steuerfragen.&nbsp;<\/li><li>In Deutschland gibt es mehrere und unterschiedliche Rechtsformen. Einige Gesch\u00e4ftsideen bedingen eine solche, andere wieder sind frei in der Gestaltung ihrer Rechtsform.<\/li><li>Ich werde mit Dir alle f\u00fcr deine Gesch\u00e4ftsidee m\u00f6glichen Rechtsformen betrachten. Dabei gehen wir insbesondere auf die steuerliche Auswirkung der m\u00f6glichen Rechtsformen ein.<\/li><li>Die f\u00fcr Dich passende Rechtsform finden wir \u2013 das ist ein Versprechen.<\/li><\/ul>\n\n\n\n<p>Das Modul besteht aus dem kostenfreien Kennenlerntermin und zwei weiteren, frei w\u00e4hlbaren Terminen.<br><strong>Modulpreis: 160,- \u20ac netto zuzgl. gesetzl. MwSt.<\/strong><\/p>\n\n\n\n<p><strong><a href=\"#anker8\">Zur\u00fcck<\/a><\/strong><\/p>\n\n\n\n<p><\/p>\n\n\n\n<div style=\"height:42px\" aria-hidden=\"true\" class=\"wp-block-spacer\"><\/div>\n\n\n\n<p id=\"anker3\"> Modul 3)<\/p>\n\n\n\n<h4><strong>Marketing&nbsp;<\/strong><\/h4>\n\n\n\n<p>Marketing ist kein Zauberwerk. In der heutigen Zeit geh\u00f6ren zum Marketing au\u00dfer der Werbung auch Dinge wie die Kommunikation mit den Kunden, Dein eigenes Erscheinungsbild oder das Deiner Mitarbeiter sowie Dein Engagement in der \u00d6ffentlichkeit.<\/p>\n\n\n\n<p>Du kennst das: Du wei\u00dft l\u00e4ngst, dass Du Werbung machen musst, um vom bzw. von potentiellen Kunden wahrgenommen zu werden. Aber wer hat schon Zeit, Visitenkarten, Flyer, Brosch\u00fcren, Kataloge oder gar eine Webseite selbst zu designen.<\/p>\n\n\n\n<p>Unter all den Marketinginstrumenten, die auf dem Markt existieren, werden wir die passenden f\u00fcr Dein Unternehmen benennen. Ich gebe Dir Hilfsmittel in die Hand, damit Du f\u00fcr Dich selbst entscheiden kannst, wo und wie Dich Deine Kunden finden sollen.<\/p>\n\n\n\n<p>Wir werden \u00fcber dein Angebotsspektrum, aber auch \u00fcber Deine Visitenkarte reden. Wir besch\u00e4ftigen uns mit Farben und Gef\u00fchlen, und wie Du selbst mit Deiner Pers\u00f6nlichkeit Dein Unternehmen wirksam repr\u00e4sentieren kannst.<\/p>\n\n\n\n<p>Ich helfe Dir dabei, Dein Gef\u00fchl f\u00fcr Deine Berufung Deinen Kunden auch zeigen zu k\u00f6nnen.<\/p>\n\n\n\n<p>Das Modul besteht aus dem kostenfreien Kennenlerntermin und vier weiteren frei w\u00e4hlbaren Terminen.<br><strong>Modulpreis: 320,- \u20ac netto zuzgl. gesetzl. MwSt.<\/strong><\/p>\n\n\n\n<p><strong><a href=\"#anker8\">Zur\u00fcck<\/a><\/strong><\/p>\n\n\n\n<p><\/p>\n\n\n\n<div style=\"height:42px\" aria-hidden=\"true\" class=\"wp-block-spacer\"><\/div>\n\n\n\n<p id=\"anker4\"> Modul 4)<\/p>\n\n\n\n<h4><strong>Betriebswirtschaft<\/strong><\/h4>\n\n\n\n<p>Rechnen war nie einfacher \u2013 auch wenn Dir Mathe in der Schule vielleicht nur wenig Spa\u00df bereitet hat. Heute gibt es viele Software-Tools, die die Kalkulation gewinnbringender Preise zu einem Kinderspiel machen.<\/p>\n\n\n\n<p>Kommen Dir Buchhaltung und die Berechnung von Steuern auch wie ein Labyrinth von Vorschriften vor?<br>Du musst diese Vorschriften nicht alle selbst kennen, aber Du musst wissen, wer das kann. Ich zeige dir, wie weit Du Deine Buchhaltung selbst f\u00fchren kannst, und ab wann Du sie einem externen Professionellen (z. B. auch Deinem Steuerberater) \u00fcberlassen solltest.<\/p>\n\n\n\n<p>Eine der wichtigsten Voraussetzungen f\u00fcr dein Unternehmen ist, zu wissen, wieviel Geld Du am Ende des Monats in Deiner Kasse haben musst, um das\/Dein Leben leben zu k\u00f6nnen.<\/p>\n\n\n\n<p>Ganz ohne Zahlen geht es nicht. Aber es ist wirklich ein sch\u00f6nes Gef\u00fchl, zum Abschluss einer geschafften Dienstleistung den finanziellen Gegenwert vom Kunden zu bekommen und zu wissen, dass dieser gut kalkuliert war.<\/p>\n\n\n\n<p>Das Modul besteht aus dem kostenfreien Kennenlerntermin) und vier weiteren frei w\u00e4hlbaren Terminen.<br><strong>Modulpreis: 320,- \u20ac netto zuzgl. gesetzl. MwSt.<\/strong><\/p>\n\n\n\n<p><strong><a href=\"#anker8\">Zur\u00fcck<\/a><\/strong><\/p>\n\n\n\n<div style=\"height:42px\" aria-hidden=\"true\" class=\"wp-block-spacer\"><\/div>\n\n\n\n<p><\/p>\n\n\n\n<p id=\"anker5\"> Modul 5)<\/p>\n\n\n\n<h4><strong>Umsatzzahlen &#8211; Businessplan<\/strong><\/h4>\n\n\n\n<p>Kein Plan f\u00fcr den Papierkorb \u2013 Jedes Haus wird seit ewigen Zeiten auf der Grundlage von Pl\u00e4nen erbaut \u2013 also warum nicht auch ein Unternehmen?<\/p>\n\n\n\n<p>Hast Du Dir Gedanken dar\u00fcber gemacht, wo Deine Unternehmung in drei Jahren stehen soll?&nbsp;<br>Kennst Du Deine Eckzahlen wie Kundenanzahl, Umsatzgr\u00f6\u00dfen oder Verkaufsvolumen?<br>F\u00fcr einen Businessplan muss das Rad nicht neu erfunden werden. Auch daf\u00fcr gibt es verschiedene Tools von Beraterfirmen und den Wirtschaftsministerien der L\u00e4nder. <br>Ich werde mit Dir gemeinsam pr\u00fcfen, welche Inhalte der Umsatz deines Unternehmens hat, Stunden, Kundenanzahl oder Ware.<\/p>\n\n\n\n<p>Ich werde Dir die Funktionen eines Businessplanes an praktischen Beispielen erkl\u00e4ren, damit Du sie eigenst\u00e4ndig und sicher in die Realit\u00e4t umsetzen kannst. <br>Ein Businessplan lebt und muss immer wieder angepasst werden. Nur dann kann er ein wirksamer Begleiter auf Deiner \u201eUnternehmensreise\u201c sein.<\/p>\n\n\n\n<p>Das Modul besteht aus dem kostenfreien Kennenlerntermin und zwei weiteren frei w\u00e4hlbaren Terminen. <br><strong>Modulpreis: 160,- \u20ac netto zuzgl. gesetzl. MwSt.<\/strong><\/p>\n\n\n\n<p><strong><a href=\"#anker8\">Zur\u00fcck<\/a><\/strong><\/p>\n\n\n\n<div style=\"height:42px\" aria-hidden=\"true\" class=\"wp-block-spacer\"><\/div>\n\n\n\n<div style=\"height:42px\" aria-hidden=\"true\" class=\"wp-block-spacer\"><\/div>\n\n\n\n<p><\/p>\n\n\n\n<p id=\"anker6\"> Modul 6)<\/p>\n\n\n\n<h4><strong>B\u00fcroorganisation<\/strong><\/h4>\n\n\n\n<p>Papierchaos ist beherrschbar \u2013 daf\u00fcr wurde der Aktenordner erfunden.<br>Der Schreibtisch biegt sich unter der Papierlast und Stapeln nicht bearbeiteter Vorg\u00e4nge, und Du wei\u00dft nicht mehr, an welcher Ecke Du anfangen sollst? Prokrastination ist das moderne Wort daf\u00fcr. Es geht um das Vor-sich-Herschieben von Dingen, die auf jeden Fall erledigt werden m\u00fcssen. Hier gibt es Hilfe.<\/p>\n\n\n\n<p>Sind Dir Dokumentationspflichten, die Du als Unternehmer hast, bekannt? Organisation und Dokumentation eines Unternehmens k\u00f6nnen sehr aufwendig sein, m\u00fcssen es aber nicht. Gemeinsam erstellen wir eine Grundordnung f\u00fcr Deine Dokumentationen, sprechen \u00fcber die Dinge, die Du selbst erledigen kannst und \u00fcber die, die Du \u201eAnderen\u201c \u00fcberlassen solltest. Ich erkl\u00e4re Dir die wichtigsten Grundlagen einer pr\u00fcfungssicheren Organisation und Dokumentation.<\/p>\n\n\n\n<p>Das Modul besteht aus dem kostenfreien Kennenlerntermin und zwei weiteren frei w\u00e4hlbaren Terminen.<br><strong>Modulpreis: 160,- \u20ac netto zuzgl. gesetzl. MwSt.<\/strong><\/p>\n\n\n\n<p><strong><a href=\"#anker8\">Zur\u00fcck<\/a><\/strong><\/p>\n\n\n\n<div style=\"height:42px\" aria-hidden=\"true\" class=\"wp-block-spacer\"><\/div>\n\n\n\n<p><\/p>\n\n\n\n<p id=\"anker7\"> Modul 7)<\/p>\n\n\n\n<h4><strong>Anmeldung der Selbstst\u00e4ndigkeit<\/strong><\/h4>\n\n\n\n<p>Beh\u00f6rden und Beamte sind auch Menschen \u2013 betrachte sie einfach so, als w\u00e4ren es Deine Kunden.<br>Jede*r, die\/der sich selbstst\u00e4ndig macht, sollte wissen, dass ein respektvoller und freundlicher Umgang mit notwendigen Beh\u00f6rden das Leben einfacher macht.<br>B\u00f6se \u00dcberraschungen zu Beginn Deiner Selbstst\u00e4ndigkeit k\u00f6nnen durch genaue Recherchen bez\u00fcglich beh\u00f6rdlicher Genehmigungen und Anmeldungen verhindert werden.<\/p>\n\n\n\n<p>Aber wer nicht fragt, bekommt auch keine Antwort. <br>Wir werden diese Fragen und auch die Antworten darauf finden, um einen guten Start Deiner Unternehmung zu gew\u00e4hrleisten.<\/p>\n\n\n\n<p>Ich empfehle Dir, \u201e\u00fcber den Tellerrand hinweg\u201c zu schauen, und Erfahrungen anderer, erfolgreicher Selbstst\u00e4ndiger zu nutzen.<\/p>\n\n\n\n<p>Das Modul besteht aus dem kostenfreien Kennenlerntermin und zwei weiteren frei w\u00e4hlbaren Terminen.<br><strong>Modulpreis: 160,- \u20ac netto zuzgl. gesetzl. MwSt.<\/strong><\/p>\n\n\n\n<p><strong><a href=\"#anker8\">Zur\u00fcck<\/a><\/strong><\/p>\n","protected":false},"excerpt":{"rendered":"<p>Deine Existenzgr\u00fcndung ist geschafft, Dein Traum in Erf\u00fcllung gegangen. Aber jetzt bist Du selbst verantwortlich, f\u00fcr alles, was Du tust (oder auch nicht tust), und das vom ersten Tag an. Fast die H\u00e4lfte aller Existenzgr\u00fcnder gibt in den ersten drei bis sechs Jahren wieder auf, aus h\u00e4ufig vermeidbaren Gr\u00fcnden. Du sollst nicht dazu geh\u00f6ren, es <a class=\"read-more\" href=\"https:\/\/www.exner-firmenbetreuung.de\/?page_id=401\">Read More<\/a><\/p>\n","protected":false},"author":1,"featured_media":402,"parent":0,"menu_order":0,"comment_status":"closed","ping_status":"closed","template":"","meta":[],"_links":{"self":[{"href":"https:\/\/www.exner-firmenbetreuung.de\/index.php?rest_route=\/wp\/v2\/pages\/401"}],"collection":[{"href":"https:\/\/www.exner-firmenbetreuung.de\/index.php?rest_route=\/wp\/v2\/pages"}],"about":[{"href":"https:\/\/www.exner-firmenbetreuung.de\/index.php?rest_route=\/wp\/v2\/types\/page"}],"author":[{"embeddable":true,"href":"https:\/\/www.exner-firmenbetreuung.de\/index.php?rest_route=\/wp\/v2\/users\/1"}],"replies":[{"embeddable":true,"href":"https:\/\/www.exner-firmenbetreuung.de\/index.php?rest_route=%2Fwp%2Fv2%2Fcomments&post=401"}],"version-history":[{"count":30,"href":"https:\/\/www.exner-firmenbetreuung.de\/index.php?rest_route=\/wp\/v2\/pages\/401\/revisions"}],"predecessor-version":[{"id":467,"href":"https:\/\/www.exner-firmenbetreuung.de\/index.php?rest_route=\/wp\/v2\/pages\/401\/revisions\/467"}],"wp:featuredmedia":[{"embeddable":true,"href":"https:\/\/www.exner-firmenbetreuung.de\/index.php?rest_route=\/wp\/v2\/media\/402"}],"wp:attachment":[{"href":"https:\/\/www.exner-firmenbetreuung.de\/index.php?rest_route=%2Fwp%2Fv2%2Fmedia&parent=401"}],"curies":[{"name":"wp","href":"https:\/\/api.w.org\/{rel}","templated":true}]}}