{"id":34,"date":"2019-08-13T11:59:13","date_gmt":"2019-08-13T09:59:13","guid":{"rendered":"http:\/\/w509mfanf.homepage.t-online.de\/wordpress\/?page_id=34"},"modified":"2023-11-13T15:47:56","modified_gmt":"2023-11-13T13:47:56","slug":"ueber-mich","status":"publish","type":"page","link":"https:\/\/www.exner-firmenbetreuung.de\/?page_id=34","title":{"rendered":"\u00dcber mich"},"content":{"rendered":"\n<div class=\"wp-container-3 wp-block-group\"><div class=\"wp-block-group__inner-container\">\n<div class=\"wp-container-2 wp-block-columns\">\n<div class=\"wp-container-1 wp-block-column\" style=\"flex-basis:100%\">\n<figure class=\"wp-block-image size-large is-resized is-style-default\"><img loading=\"lazy\" src=\"https:\/\/www.exner-firmenbetreuung.de\/wp-content\/uploads\/2022\/01\/portrait-exner2022-web2.jpg\" alt=\"\" class=\"wp-image-540\" width=\"374\" height=\"435\" srcset=\"https:\/\/www.exner-firmenbetreuung.de\/wp-content\/uploads\/2022\/01\/portrait-exner2022-web2.jpg 567w, https:\/\/www.exner-firmenbetreuung.de\/wp-content\/uploads\/2022\/01\/portrait-exner2022-web2-258x300.jpg 258w\" sizes=\"(max-width: 374px) 100vw, 374px\" \/><\/figure>\n<\/div>\n<\/div>\n<\/div><\/div>\n\n\n\n<p>Wer erz\u00e4hlt schon gern \u00fcber sich&#8230; Das ist immer ein bisschen wie hausieren gehen. Aber du sollst wissen, mit wem du es zu tun hast. Und du sollst sehen, dass ich ich mein &#8222;Handwerk von der Pike auf&#8220; gelernt habe.<\/p>\n\n\n\n<p class=\"has-vivid-red-color has-text-color\">Heute bin ich zum einen <strong>Diplom-Ingenieur (FH) <\/strong>und zum anderen <strong>Betriebswirtin (HWK).<\/strong> <\/p>\n\n\n\n<p>Der Weg hierher war weit und nicht immer einfach. Er begann mit meiner Ausbildung zur <strong>Maschinenbauzeichnerin<\/strong> von 1984 bis 1986. Das war mir nicht genug, ich habe direkt danach mit einem Maschineningenieur-Studium weitergemacht, das ich ich 1989 als <strong>Diplom-Ingenieur (FH)<\/strong> erfolgreich beenden konnte. <\/p>\n\n\n\n<p>Viel hatte ich nicht davon. Die Wende war es, die mir einen Strich durch meine so sch\u00f6n geplante Zukunft und Karriere machte. Mein Titel war nicht mehr viel wert, wenn ich nicht irgendetwas drauf setzen w\u00fcrde. Sehr lange habe ich nicht \u00fcberlegt. Von 1991 bis 1992 machte ich einen Anpassungslehrgang zur <strong>Kaufm\u00e4nnischen Angestellten<\/strong> und freute mich, im Anschluss daran auch mein Organisationstalent nutzen zu k\u00f6nnen. Zwanzig Jahre arbeitete ich in verschiedenen Bereichen der Firmengruppe Ing. Kurt Klopsch F\u00f6rdertechnik und K&amp;F Kommunaltechnik und lernte ganz nebenbei, wie Wirtschaft funktioniert. <\/p>\n\n\n\n<p>Weiterbildungen mochte ich immer. 2009 erwarb ich die <strong>Berufs- und Arbeitsp\u00e4dagogische Qualifikation<\/strong>, von 2010 bis 2012 widmete ich mich neben dem Beruf der Betriebswirtschaft (Ich darf mich seitdem <strong>Betriebswirtin (HWK)<\/strong> nennen.), zwei Trainer-Kurse folgten 2014 und 2016. Nunmehr bin ich also auch <strong>Zertifizierte Trainerin (Competence on Top)<\/strong> und <strong>Zertifizierte Business-Trainerin &amp; Coach.<\/strong><\/p>\n\n\n\n<p class=\"has-vivid-red-color has-text-color\"><strong>Es ist viel Wissen, das ich so sammeln durfte und heute sehr gern mit dir teile.\u00a0<\/strong><br><\/p>\n","protected":false},"excerpt":{"rendered":"<p>Wer erz\u00e4hlt schon gern \u00fcber sich&#8230; Das ist immer ein bisschen wie hausieren gehen. Aber du sollst wissen, mit wem du es zu tun hast. Und du sollst sehen, dass ich ich mein &#8222;Handwerk von der Pike auf&#8220; gelernt habe. Heute bin ich zum einen Diplom-Ingenieur (FH) und zum anderen Betriebswirtin (HWK). Der Weg hierher <a class=\"read-more\" href=\"https:\/\/www.exner-firmenbetreuung.de\/?page_id=34\">Read More<\/a><\/p>\n","protected":false},"author":1,"featured_media":0,"parent":0,"menu_order":0,"comment_status":"closed","ping_status":"closed","template":"","meta":[],"_links":{"self":[{"href":"https:\/\/www.exner-firmenbetreuung.de\/index.php?rest_route=\/wp\/v2\/pages\/34"}],"collection":[{"href":"https:\/\/www.exner-firmenbetreuung.de\/index.php?rest_route=\/wp\/v2\/pages"}],"about":[{"href":"https:\/\/www.exner-firmenbetreuung.de\/index.php?rest_route=\/wp\/v2\/types\/page"}],"author":[{"embeddable":true,"href":"https:\/\/www.exner-firmenbetreuung.de\/index.php?rest_route=\/wp\/v2\/users\/1"}],"replies":[{"embeddable":true,"href":"https:\/\/www.exner-firmenbetreuung.de\/index.php?rest_route=%2Fwp%2Fv2%2Fcomments&post=34"}],"version-history":[{"count":14,"href":"https:\/\/www.exner-firmenbetreuung.de\/index.php?rest_route=\/wp\/v2\/pages\/34\/revisions"}],"predecessor-version":[{"id":595,"href":"https:\/\/www.exner-firmenbetreuung.de\/index.php?rest_route=\/wp\/v2\/pages\/34\/revisions\/595"}],"wp:attachment":[{"href":"https:\/\/www.exner-firmenbetreuung.de\/index.php?rest_route=%2Fwp%2Fv2%2Fmedia&parent=34"}],"curies":[{"name":"wp","href":"https:\/\/api.w.org\/{rel}","templated":true}]}}