{"id":214,"date":"2019-08-22T17:29:22","date_gmt":"2019-08-22T15:29:22","guid":{"rendered":"http:\/\/w509mfanf.homepage.t-online.de\/wordpress\/?page_id=214"},"modified":"2021-04-08T12:42:55","modified_gmt":"2021-04-08T10:42:55","slug":"dienstleistungen","status":"publish","type":"page","link":"https:\/\/www.exner-firmenbetreuung.de\/?page_id=214","title":{"rendered":"Analysen\/Diagnosen"},"content":{"rendered":"\n<p>So m\u00f6chte ich quasi die Basis unserer <strong>m\u00f6glichen Zusammenarbeit<\/strong> bezeichnen. Denn zuallererst muss ich Dein <strong>Unternehmen kennenlernen und verstehen<\/strong>. Dazu ist wenigstens ein vertrauensvolles Gespr\u00e4ch erforderlich. <\/p>\n\n\n\n<p>Ich <strong>analysiere<\/strong> mit all meinen \u00fcber lange Jahre gesammelten Erfahrungen Deine betrieblichen Abl\u00e4ufe, ich pr\u00fcfe die Stellung Deines Unternehmens am Markt und kann dazu auf mein weitreichendes Netzwerk und die M\u00f6glichkeiten der Handwerkskammer Potsdam zugreifen.<\/p>\n\n\n\n<p>Ich kann beispielsweise f\u00fcr Deine Firma <strong>Umsatzpr\u00fcfungen<\/strong> durchf\u00fchren, die genaue Aussagen \u00fcber Deine einzelnen Gesch\u00e4ftsfelder oder Deine m\u00f6glicherweise unterschiedlichen Auftraggeber und Kundengruppen erm\u00f6glichen. Ich kann Dir Empfehlungen zur &#8211; weil sparsamer &#8211; <strong>Auslagerung von Teil- oder Dienstleistungen<\/strong> geben. Und wir k\u00f6nnen gemeinsam Dein <strong>Marketing<\/strong> begutachten. Nicht selten ist bereits mit sehr einfachen und nicht kostenaufw\u00e4ndigen Ma\u00dfnahmen viel gewonnen. Nennen will ich an dieser Stelle zum Beispiel die Gestaltung von Kopfb\u00f6gen und Visitenkarten,  vielleicht das Tragen von einheitlicher Firmenkleidung, was beispielsweise mit der Anschaffung von ein paar individualisierten T-Shirts getan ist, oder das Anbringen einer Autowerbung auf Deinen Firmenfahrzeugen. Es gibt noch sehr viel mehr M\u00f6glichkeiten. Reden wir miteinander&#8230;<\/p>\n\n\n\n<p>Weiter zu:<\/p>\n\n\n\n<p><strong><a href=\"https:\/\/www.exner-firmenbetreuung.de\/?page_id=44\">Firmenorganisation<\/a><\/strong><br><strong><a href=\"https:\/\/www.exner-firmenbetreuung.de\/?page_id=46\">Kalkulation<\/a><\/strong><br><strong><a href=\"https:\/\/www.exner-firmenbetreuung.de\/?page_id=49\">Honorare<\/a><\/strong><\/p>\n\n\n\n<p><\/p>\n\n\n\n<p><\/p>\n\n\n\n<p><strong><a href=\"https:\/\/www.exner-firmenbetreuung.de\/?page_id=36\">Zum Kontaktformular<\/a><\/strong><\/p>\n","protected":false},"excerpt":{"rendered":"<p>So m\u00f6chte ich quasi die Basis unserer m\u00f6glichen Zusammenarbeit bezeichnen. Denn zuallererst muss ich Dein Unternehmen kennenlernen und verstehen. Dazu ist wenigstens ein vertrauensvolles Gespr\u00e4ch erforderlich. Ich analysiere mit all meinen \u00fcber lange Jahre gesammelten Erfahrungen Deine betrieblichen Abl\u00e4ufe, ich pr\u00fcfe die Stellung Deines Unternehmens am Markt und kann dazu auf mein weitreichendes Netzwerk und <a class=\"read-more\" href=\"https:\/\/www.exner-firmenbetreuung.de\/?page_id=214\">Read More<\/a><\/p>\n","protected":false},"author":1,"featured_media":0,"parent":0,"menu_order":0,"comment_status":"closed","ping_status":"closed","template":"","meta":[],"_links":{"self":[{"href":"https:\/\/www.exner-firmenbetreuung.de\/index.php?rest_route=\/wp\/v2\/pages\/214"}],"collection":[{"href":"https:\/\/www.exner-firmenbetreuung.de\/index.php?rest_route=\/wp\/v2\/pages"}],"about":[{"href":"https:\/\/www.exner-firmenbetreuung.de\/index.php?rest_route=\/wp\/v2\/types\/page"}],"author":[{"embeddable":true,"href":"https:\/\/www.exner-firmenbetreuung.de\/index.php?rest_route=\/wp\/v2\/users\/1"}],"replies":[{"embeddable":true,"href":"https:\/\/www.exner-firmenbetreuung.de\/index.php?rest_route=%2Fwp%2Fv2%2Fcomments&post=214"}],"version-history":[{"count":16,"href":"https:\/\/www.exner-firmenbetreuung.de\/index.php?rest_route=\/wp\/v2\/pages\/214\/revisions"}],"predecessor-version":[{"id":460,"href":"https:\/\/www.exner-firmenbetreuung.de\/index.php?rest_route=\/wp\/v2\/pages\/214\/revisions\/460"}],"wp:attachment":[{"href":"https:\/\/www.exner-firmenbetreuung.de\/index.php?rest_route=%2Fwp%2Fv2%2Fmedia&parent=214"}],"curies":[{"name":"wp","href":"https:\/\/api.w.org\/{rel}","templated":true}]}}