{"id":200,"date":"2019-08-22T17:11:44","date_gmt":"2019-08-22T15:11:44","guid":{"rendered":"http:\/\/w509mfanf.homepage.t-online.de\/wordpress\/?page_id=200"},"modified":"2021-04-07T15:42:59","modified_gmt":"2021-04-07T13:42:59","slug":"coaching","status":"publish","type":"page","link":"https:\/\/www.exner-firmenbetreuung.de\/?page_id=200","title":{"rendered":"Coaching"},"content":{"rendered":"<p><strong>Coaching<\/strong> hei\u00dft eigentlich nichts weiter als Menschen ziel- und l\u00f6sungsorientiert zu begleiten &#8211; zum Beispiel zur Realisierung eines dienstlichen oder pers\u00f6nlichen Anliegens oder zur Verbesserung der beruflichen oder leistungsbezogenen Situation.<\/p>\n<p><span style=\"color: #333333;\"><strong>Ich bin Businesstrainerin und Coach.<\/strong><\/span><\/p>\n<p>Nach zwei Ausbildungen 2014 und 2016 zur <strong>Zertifizierten Trainerin (Competence on Top)<\/strong> und <strong>Zertifizierten Business-Trainerin &amp; Coach<\/strong> biete ich Dir:<\/p>\n<ul>\n<li>Spezielle Seminare und Trainings &#8211; zugeschnitten auf Dein Unternehmen und durchgef\u00fchrt in Deinem Unternehmen,<\/li>\n<li>Seminare \u00fcber neue und aktuelle fachliche Themen \u00a0f\u00fcr Dich und\/oder Teams in Deinem Unternehmen<\/li>\n<li>und auf Wunsch gerne auch Individual-Coachings f\u00fcr \u00a0Deine F\u00fchrungskr\u00e4fte, Teamleiter*innen, Projektleiter*innen, Mitarbeiter*innen und nicht zuletzt auch Privatpersonen.<\/li>\n<\/ul>\n<p>Hast Du Fragen dazu? \u00a0Nimm Kontakt zu mir auf.<\/p>\n\n\n<p><strong><a href=\"https:\/\/www.exner-firmenbetreuung.de\/?page_id=36\">Zum Kontaktformular<\/a><\/strong><\/p>\n","protected":false},"excerpt":{"rendered":"<p>Coaching hei\u00dft eigentlich nichts weiter als Menschen ziel- und l\u00f6sungsorientiert zu begleiten &#8211; zum Beispiel zur Realisierung eines dienstlichen oder pers\u00f6nlichen Anliegens oder zur Verbesserung der beruflichen oder leistungsbezogenen Situation. Ich bin Businesstrainerin und Coach. Nach zwei Ausbildungen 2014 und 2016 zur Zertifizierten Trainerin (Competence on Top) und Zertifizierten Business-Trainerin &amp; Coach biete ich Dir: <a class=\"read-more\" href=\"https:\/\/www.exner-firmenbetreuung.de\/?page_id=200\">Read More<\/a><\/p>\n","protected":false},"author":1,"featured_media":0,"parent":0,"menu_order":0,"comment_status":"closed","ping_status":"closed","template":"","meta":[],"_links":{"self":[{"href":"https:\/\/www.exner-firmenbetreuung.de\/index.php?rest_route=\/wp\/v2\/pages\/200"}],"collection":[{"href":"https:\/\/www.exner-firmenbetreuung.de\/index.php?rest_route=\/wp\/v2\/pages"}],"about":[{"href":"https:\/\/www.exner-firmenbetreuung.de\/index.php?rest_route=\/wp\/v2\/types\/page"}],"author":[{"embeddable":true,"href":"https:\/\/www.exner-firmenbetreuung.de\/index.php?rest_route=\/wp\/v2\/users\/1"}],"replies":[{"embeddable":true,"href":"https:\/\/www.exner-firmenbetreuung.de\/index.php?rest_route=%2Fwp%2Fv2%2Fcomments&post=200"}],"version-history":[{"count":15,"href":"https:\/\/www.exner-firmenbetreuung.de\/index.php?rest_route=\/wp\/v2\/pages\/200\/revisions"}],"predecessor-version":[{"id":580,"href":"https:\/\/www.exner-firmenbetreuung.de\/index.php?rest_route=\/wp\/v2\/pages\/200\/revisions\/580"}],"wp:attachment":[{"href":"https:\/\/www.exner-firmenbetreuung.de\/index.php?rest_route=%2Fwp%2Fv2%2Fmedia&parent=200"}],"curies":[{"name":"wp","href":"https:\/\/api.w.org\/{rel}","templated":true}]}}