{"id":2,"date":"2016-05-10T03:48:21","date_gmt":"2016-05-10T03:48:21","guid":{"rendered":"http:\/\/w509mfanf.homepage.t-online.de\/wordpress\/?page_id=2"},"modified":"2024-05-31T12:28:10","modified_gmt":"2024-05-31T10:28:10","slug":"sample-page","status":"publish","type":"page","link":"https:\/\/www.exner-firmenbetreuung.de\/","title":{"rendered":"Warum eine Firmenbetreuung"},"content":{"rendered":"\n<p><strong>Du hast es geschafft, allen Widrigkeiten zum Trotz. Du hast Dich selbstst\u00e4ndig gemacht oder bist es schon l\u00e4nger. Du arbeitest hart und viel mehr als die meisten Deiner Freunde. Aber der gro\u00dfe Erfolg will sich nicht einstellen. Du kannst Dir das nicht wirklich erkl\u00e4ren\u2026&nbsp;<\/strong><\/p>\n\n\n\n<p>Es geht wirklich nicht nur Dir so. Vielen Unternehmen, und ganz besonders gilt dies f\u00fcr hochambitionierte Kleinst- und Kleinunternehmer*innen, ist nicht bewusst, dass sie &#8211; um \u00fcberleben zu k\u00f6nnen &#8211; etwas \u00e4ndern m\u00fcssen. Und dass Hilfe von Fachkr\u00e4ften mit objektivem Blick auf die Situation beinahe zwingend ist.<\/p>\n\n\n\n<p>Bevor ich Dir meine Angebote unterbreite, lies die kleine Anekdote des Schweizer&nbsp; Schriftstellers, Kabarettisten und Liedermachers Franz Hohler. Sie&nbsp; beschreibt diese (m\u00f6gliche) Situation:<\/p>\n\n\n\n<p><em>Es lebte einmal ein Mann auf einer kleinen Insel. Eines Tages sp\u00fcrte er, dass die Insel unter ihm zitterte. \u201cSollte ich vielleicht etwas tun?\u201d, dachte er. Aber als die Insel zu zittern aufh\u00f6rte, beschloss er, erst einmal abzuwarten. Wenig sp\u00e4ter brach ein St\u00fcck der K\u00fcste und fiel tosend ins Meer. Der Mann war beunruhigt. \u201cSollte ich vielleicht etwas tun?\u201d, dachte er. Da er aber auch gut ohne das St\u00fcck leben konnte, beschloss er, weiter abzuwarten. Kurz danach fiel ein zweites St\u00fcck seiner Insel ins Meer. Der Mann erschrak nun heftiger. \u201cSollte ich vielleicht etwas tun?\u201d, dachte er. Doch als nichts weiter passierte, beschloss er, abzuwarten. \u201cBis jetzt\u201d, sagte er sich, \u201cist ja alles gut gegangen.\u201d Es dauerte nicht lange, da versank die ganze Insel im Meer und mit ihr der Mann, der sie bewohnt hatte. \u201cVielleicht h\u00e4tte ich doch etwas tun sollen\u201d, war sein letzter Gedanke, bevor er ertrank.&nbsp;<\/em><\/p>\n\n\n\n<p>Die Welt ver\u00e4ndert sich st\u00e4ndig und die Wirtschaft mit ihr. Die Konkurrenz schl\u00e4ft nicht. Eine objektive Inaugenscheinnahme oder unverbindliche Begutachtung Deines Unternehmens kann unter Umst\u00e4nden verhindern, dass es Deiner Firma ergeht, wie dem unentschlossenen Mann auf der Insel.&nbsp;<\/p>\n\n\n\n<h3><strong>Meine professionelle Firmenbetreuung kann<\/strong><\/h3>\n\n\n\n<ul><li><strong>bei der Unternehmensplanung unterst\u00fctzen<\/strong><\/li><li><strong>Bei Investitions- und Finanzierungsentscheidungen beratend zur Seite stehen<\/strong><\/li><li><strong>bei der Unternehmensnachfolge begleiten<\/strong><\/li><li><strong>ein effektives Controlling aufbauen<\/strong><\/li><li><strong>mit <a href=\"https:\/\/www.exner-firmenbetreuung.de\/?page_id=214\">Analysen und Marktforschung<\/a> die Ausrichtung Deines Unternehmens verbessern.<\/strong><\/li><li><strong>mit neuen Strategien Dein <a href=\"https:\/\/www.exner-firmenbetreuung.de\/?page_id=214\">Gesch\u00e4ftsmodell optimieren<\/a>.<\/strong><\/li><li><strong>Dir bei Deiner Preisgestaltung f\u00fcr gewinnbringende Ums\u00e4tze helfen.<\/strong><\/li><li><strong>Dir f\u00fcr Deine <a href=\"https:\/\/www.exner-firmenbetreuung.de\/?page_id=46\">Firmenbuchhaltung<\/a> eine Fachfrau \/ einen Fachmann empfehlen, damit Du selbst mehr Zeit f\u00fcr deine eigentliche Arbeit hast.<\/strong><\/li><li><strong>Fehler und fehlende Aspekte Deiner Marketingma\u00dfnahmen aufdecken und Dir helfen, eine bessere Marktstrategie zu finden.<\/strong><\/li><li><strong>Dir Empfehlungen zu Deinem Online-Auftritt, also Deiner Webseite geben.<\/strong><\/li><li><strong>Dir bei der Gestaltung von gedrucktem Werbematerial und Ver\u00f6ffentlichungen zur Seite stehen.<\/strong><\/li><li><strong>Dir nicht zuletzt L\u00f6sungen f\u00fcr Probleme bieten, von denen Du vielleicht nicht mal wei\u00dft, dass sie existieren und Dich bedrohen.<\/strong><\/li><\/ul>\n\n\n\n<h3><strong>Was ich nicht leisten darf<\/strong>, ist<\/h3>\n\n\n\n<ul><li><strong>Rechtsberatung<\/strong><\/li><li><strong>Versicherungsberatung<\/strong><\/li><li><strong>Steuerberatung<\/strong><\/li><li><strong>Beratung im Bereich IT<\/strong><\/li><\/ul>\n\n\n\n<p>Ob Du mich buchst, musst Du schlussendlich selbst entscheiden. Ob Du mich brauchst, kann ich ohne Informationen nicht feststellen. Aber stelle Dir einfach vor, dass Du quasi ein bisschen krank bist. Ein gesunder Mensch geht nicht zum Arzt. Solange eine Firma gesund ist, braucht sie keine Firmenbetreuung.&nbsp;Du \u201edokterst\u201c jetzt ein wenig herum, vielleicht geht es gut und wieder aufw\u00e4rts. Vielleicht aber wird es schlimmer. Du wendest Dich an einen Spezialisten. Der hilft mit all seiner Erfahrung und seinem K\u00f6nnen. Warum sollte das nicht auch f\u00fcr Dein Unternehmen m\u00f6glich sein?&nbsp;<\/p>\n\n\n\n<p><strong>Nutze meine F\u00e4higkeiten und mein K\u00f6nnen genauso selbstverst\u00e4ndlich, wie Du das K\u00f6nnen Deines Arztes nutzt.<\/strong><br><\/p>\n","protected":false},"excerpt":{"rendered":"<p>Du hast es geschafft, allen Widrigkeiten zum Trotz. Du hast Dich selbstst\u00e4ndig gemacht oder bist es schon l\u00e4nger. Du arbeitest hart und viel mehr als die meisten Deiner Freunde. Aber der gro\u00dfe Erfolg will sich nicht einstellen. Du kannst Dir das nicht wirklich erkl\u00e4ren\u2026&nbsp; Es geht wirklich nicht nur Dir so. Vielen Unternehmen, und ganz <a class=\"read-more\" href=\"https:\/\/www.exner-firmenbetreuung.de\/\">Read More<\/a><\/p>\n","protected":false},"author":1,"featured_media":0,"parent":0,"menu_order":0,"comment_status":"closed","ping_status":"open","template":"","meta":[],"_links":{"self":[{"href":"https:\/\/www.exner-firmenbetreuung.de\/index.php?rest_route=\/wp\/v2\/pages\/2"}],"collection":[{"href":"https:\/\/www.exner-firmenbetreuung.de\/index.php?rest_route=\/wp\/v2\/pages"}],"about":[{"href":"https:\/\/www.exner-firmenbetreuung.de\/index.php?rest_route=\/wp\/v2\/types\/page"}],"author":[{"embeddable":true,"href":"https:\/\/www.exner-firmenbetreuung.de\/index.php?rest_route=\/wp\/v2\/users\/1"}],"replies":[{"embeddable":true,"href":"https:\/\/www.exner-firmenbetreuung.de\/index.php?rest_route=%2Fwp%2Fv2%2Fcomments&post=2"}],"version-history":[{"count":16,"href":"https:\/\/www.exner-firmenbetreuung.de\/index.php?rest_route=\/wp\/v2\/pages\/2\/revisions"}],"predecessor-version":[{"id":606,"href":"https:\/\/www.exner-firmenbetreuung.de\/index.php?rest_route=\/wp\/v2\/pages\/2\/revisions\/606"}],"wp:attachment":[{"href":"https:\/\/www.exner-firmenbetreuung.de\/index.php?rest_route=%2Fwp%2Fv2%2Fmedia&parent=2"}],"curies":[{"name":"wp","href":"https:\/\/api.w.org\/{rel}","templated":true}]}}